{"id":2273,"date":"2026-04-19T07:30:42","date_gmt":"2026-04-19T07:30:42","guid":{"rendered":"https:\/\/brucke49.ch\/?post_type=product&#038;p=2273"},"modified":"2026-04-19T15:31:31","modified_gmt":"2026-04-19T15:31:31","slug":"lobster-fussmatte","status":"publish","type":"product","link":"https:\/\/brucke49.ch\/de\/produkt\/lobster-fussmatte\/","title":{"rendered":"Lobster Fussmatte"},"content":{"rendered":"","protected":false},"excerpt":{"rendered":"<p data-start=\"50\" data-end=\"360\">Von der Isola del Giglio stammt der Lobster Fussmatte, handgefertigt von Alberto, einem Skipper, der sich in den ruhigen Wintermonaten dem Handwerk widmet und mit Manilaseil arbeitet. Von Natur aus robust und wasserabweisend ist er f\u00fcr den Aussenbereich gemacht \u2013 und heisst Meer, Wetter und Zeit willkommen.<\/p>\n<p data-start=\"362\" data-end=\"481\" data-is-last-node=\"\" data-is-only-node=\"\">Einfach, haptisch und ehrlich \u2013 ein St\u00fcck, das von geschickten H\u00e4nden und einem langsameren Lebensrhythmus gepr\u00e4gt ist.<\/p>\n","protected":false},"featured_media":2279,"template":"","meta":{"inline_featured_image":false},"product_brand":[],"product_cat":[38],"product_tag":[],"class_list":{"0":"post-2273","1":"product","2":"type-product","3":"status-publish","4":"has-post-thumbnail","6":"product_cat-designstuecke","7":"","8":"woocommerce-text-align-center","9":"woocommerce-image-align-center","11":"first","12":"outofstock","13":"shipping-taxable","14":"purchasable","15":"product-type-simple"},"yoast_head":"<!-- This site is optimized with the Yoast SEO plugin v27.2 - https:\/\/yoast.com\/product\/yoast-seo-wordpress\/ -->\n<title>Lobster Fussmatte &#8212; Brucke49<\/title>\n<meta name=\"robots\" content=\"index, follow, max-snippet:-1, max-image-preview:large, max-video-preview:-1\" \/>\n<link rel=\"canonical\" href=\"https:\/\/brucke49.ch\/de\/produkt\/lobster-fussmatte\/\" \/>\n<meta property=\"og:locale\" content=\"de_DE\" \/>\n<meta property=\"og:type\" content=\"article\" \/>\n<meta property=\"og:title\" content=\"Lobster Fussmatte &#8212; Brucke49\" \/>\n<meta property=\"og:description\" content=\"Von der Isola del Giglio stammt der Lobster Fussmatte, handgefertigt von Alberto, einem Skipper, der sich in den ruhigen Wintermonaten dem Handwerk widmet und mit Manilaseil arbeitet. Von Natur aus robust und wasserabweisend ist er f\u00fcr den Aussenbereich gemacht \u2013 und heisst Meer, Wetter und Zeit willkommen. Einfach, haptisch und ehrlich \u2013 ein St\u00fcck, das von geschickten H\u00e4nden und einem langsameren Lebensrhythmus gepr\u00e4gt ist.\" \/>\n<meta property=\"og:url\" content=\"https:\/\/brucke49.ch\/de\/produkt\/lobster-fussmatte\/\" \/>\n<meta property=\"og:site_name\" content=\"Brucke49\" \/>\n<meta property=\"article:publisher\" content=\"https:\/\/www.facebook.com\/profile.php?id=100065140113053\" \/>\n<meta property=\"article:modified_time\" content=\"2026-04-19T15:31:31+00:00\" \/>\n<meta property=\"og:image\" content=\"https:\/\/brucke49.ch\/wp-content\/uploads\/2026\/04\/Doorstopper-Brucke49-Butik-2.webp\" \/>\n\t<meta property=\"og:image:width\" content=\"600\" \/>\n\t<meta property=\"og:image:height\" content=\"800\" \/>\n\t<meta property=\"og:image:type\" content=\"image\/webp\" \/>\n<meta name=\"twitter:card\" content=\"summary_large_image\" \/>\n<meta name=\"twitter:label1\" content=\"Gesch\u00e4tzte Lesezeit\" \/>\n\t<meta name=\"twitter:data1\" content=\"1\u00a0Minute\" \/>\n<script type=\"application\/ld+json\" class=\"yoast-schema-graph\">{\"@context\":\"https:\/\/schema.org\",\"@graph\":[{\"@type\":\"WebPage\",\"@id\":\"https:\/\/brucke49.ch\/de\/produkt\/lobster-fussmatte\/\",\"url\":\"https:\/\/brucke49.ch\/de\/produkt\/lobster-fussmatte\/\",\"name\":\"Lobster Fussmatte &#8212; Brucke49\",\"isPartOf\":{\"@id\":\"https:\/\/brucke49.ch\/de\/#website\"},\"primaryImageOfPage\":{\"@id\":\"https:\/\/brucke49.ch\/de\/produkt\/lobster-fussmatte\/#primaryimage\"},\"image\":{\"@id\":\"https:\/\/brucke49.ch\/de\/produkt\/lobster-fussmatte\/#primaryimage\"},\"thumbnailUrl\":\"https:\/\/brucke49.ch\/wp-content\/uploads\/2026\/04\/Doorstopper-Brucke49-Butik-2.webp\",\"datePublished\":\"2026-04-19T07:30:42+00:00\",\"dateModified\":\"2026-04-19T15:31:31+00:00\",\"breadcrumb\":{\"@id\":\"https:\/\/brucke49.ch\/de\/produkt\/lobster-fussmatte\/#breadcrumb\"},\"inLanguage\":\"de\",\"potentialAction\":[{\"@type\":\"ReadAction\",\"target\":[\"https:\/\/brucke49.ch\/de\/produkt\/lobster-fussmatte\/\"]}]},{\"@type\":\"ImageObject\",\"inLanguage\":\"de\",\"@id\":\"https:\/\/brucke49.ch\/de\/produkt\/lobster-fussmatte\/#primaryimage\",\"url\":\"https:\/\/brucke49.ch\/wp-content\/uploads\/2026\/04\/Doorstopper-Brucke49-Butik-2.webp\",\"contentUrl\":\"https:\/\/brucke49.ch\/wp-content\/uploads\/2026\/04\/Doorstopper-Brucke49-Butik-2.webp\",\"width\":600,\"height\":800},{\"@type\":\"BreadcrumbList\",\"@id\":\"https:\/\/brucke49.ch\/de\/produkt\/lobster-fussmatte\/#breadcrumb\",\"itemListElement\":[{\"@type\":\"ListItem\",\"position\":1,\"name\":\"Home\",\"item\":\"https:\/\/brucke49.ch\/de\/startseite\/\"},{\"@type\":\"ListItem\",\"position\":2,\"name\":\"Produkte\",\"item\":\"https:\/\/brucke49.ch\/de\/shop\/\"},{\"@type\":\"ListItem\",\"position\":3,\"name\":\"Lobster Fussmatte\"}]},{\"@type\":\"WebSite\",\"@id\":\"https:\/\/brucke49.ch\/de\/#website\",\"url\":\"https:\/\/brucke49.ch\/de\/\",\"name\":\"BR\u00dcCKE 49 Design Hotel\",\"description\":\"\",\"publisher\":{\"@id\":\"https:\/\/brucke49.ch\/de\/#organization\"},\"potentialAction\":[{\"@type\":\"SearchAction\",\"target\":{\"@type\":\"EntryPoint\",\"urlTemplate\":\"https:\/\/brucke49.ch\/de\/?s={search_term_string}\"},\"query-input\":{\"@type\":\"PropertyValueSpecification\",\"valueRequired\":true,\"valueName\":\"search_term_string\"}}],\"inLanguage\":\"de\"},{\"@type\":\"Organization\",\"@id\":\"https:\/\/brucke49.ch\/de\/#organization\",\"name\":\"BR\u00dcCKE 49 Design Hotel\",\"url\":\"https:\/\/brucke49.ch\/de\/\",\"logo\":{\"@type\":\"ImageObject\",\"inLanguage\":\"de\",\"@id\":\"https:\/\/brucke49.ch\/de\/#\/schema\/logo\/image\/\",\"url\":\"https:\/\/brucke49.ch\/wp-content\/uploads\/2023\/10\/Logo-blue.png\",\"contentUrl\":\"https:\/\/brucke49.ch\/wp-content\/uploads\/2023\/10\/Logo-blue.png\",\"width\":1141,\"height\":167,\"caption\":\"BR\u00dcCKE 49 Design Hotel\"},\"image\":{\"@id\":\"https:\/\/brucke49.ch\/de\/#\/schema\/logo\/image\/\"},\"sameAs\":[\"https:\/\/www.facebook.com\/profile.php?id=100065140113053\",\"https:\/\/www.instagram.com\/bruecke49\/\"]}]}<\/script>\n<!-- \/ Yoast SEO plugin. -->","yoast_head_json":{"title":"Lobster Fussmatte &#8212; Brucke49","robots":{"index":"index","follow":"follow","max-snippet":"max-snippet:-1","max-image-preview":"max-image-preview:large","max-video-preview":"max-video-preview:-1"},"canonical":"https:\/\/brucke49.ch\/de\/produkt\/lobster-fussmatte\/","og_locale":"de_DE","og_type":"article","og_title":"Lobster Fussmatte &#8212; Brucke49","og_description":"Von der Isola del Giglio stammt der Lobster Fussmatte, handgefertigt von Alberto, einem Skipper, der sich in den ruhigen Wintermonaten dem Handwerk widmet und mit Manilaseil arbeitet. Von Natur aus robust und wasserabweisend ist er f\u00fcr den Aussenbereich gemacht \u2013 und heisst Meer, Wetter und Zeit willkommen. Einfach, haptisch und ehrlich \u2013 ein St\u00fcck, das von geschickten H\u00e4nden und einem langsameren Lebensrhythmus gepr\u00e4gt ist.","og_url":"https:\/\/brucke49.ch\/de\/produkt\/lobster-fussmatte\/","og_site_name":"Brucke49","article_publisher":"https:\/\/www.facebook.com\/profile.php?id=100065140113053","article_modified_time":"2026-04-19T15:31:31+00:00","og_image":[{"width":600,"height":800,"url":"https:\/\/brucke49.ch\/wp-content\/uploads\/2026\/04\/Doorstopper-Brucke49-Butik-2.webp","type":"image\/webp"}],"twitter_card":"summary_large_image","twitter_misc":{"Gesch\u00e4tzte Lesezeit":"1\u00a0Minute"},"schema":{"@context":"https:\/\/schema.org","@graph":[{"@type":"WebPage","@id":"https:\/\/brucke49.ch\/de\/produkt\/lobster-fussmatte\/","url":"https:\/\/brucke49.ch\/de\/produkt\/lobster-fussmatte\/","name":"Lobster Fussmatte &#8212; Brucke49","isPartOf":{"@id":"https:\/\/brucke49.ch\/de\/#website"},"primaryImageOfPage":{"@id":"https:\/\/brucke49.ch\/de\/produkt\/lobster-fussmatte\/#primaryimage"},"image":{"@id":"https:\/\/brucke49.ch\/de\/produkt\/lobster-fussmatte\/#primaryimage"},"thumbnailUrl":"https:\/\/brucke49.ch\/wp-content\/uploads\/2026\/04\/Doorstopper-Brucke49-Butik-2.webp","datePublished":"2026-04-19T07:30:42+00:00","dateModified":"2026-04-19T15:31:31+00:00","breadcrumb":{"@id":"https:\/\/brucke49.ch\/de\/produkt\/lobster-fussmatte\/#breadcrumb"},"inLanguage":"de","potentialAction":[{"@type":"ReadAction","target":["https:\/\/brucke49.ch\/de\/produkt\/lobster-fussmatte\/"]}]},{"@type":"ImageObject","inLanguage":"de","@id":"https:\/\/brucke49.ch\/de\/produkt\/lobster-fussmatte\/#primaryimage","url":"https:\/\/brucke49.ch\/wp-content\/uploads\/2026\/04\/Doorstopper-Brucke49-Butik-2.webp","contentUrl":"https:\/\/brucke49.ch\/wp-content\/uploads\/2026\/04\/Doorstopper-Brucke49-Butik-2.webp","width":600,"height":800},{"@type":"BreadcrumbList","@id":"https:\/\/brucke49.ch\/de\/produkt\/lobster-fussmatte\/#breadcrumb","itemListElement":[{"@type":"ListItem","position":1,"name":"Home","item":"https:\/\/brucke49.ch\/de\/startseite\/"},{"@type":"ListItem","position":2,"name":"Produkte","item":"https:\/\/brucke49.ch\/de\/shop\/"},{"@type":"ListItem","position":3,"name":"Lobster Fussmatte"}]},{"@type":"WebSite","@id":"https:\/\/brucke49.ch\/de\/#website","url":"https:\/\/brucke49.ch\/de\/","name":"BR\u00dcCKE 49 Design Hotel","description":"","publisher":{"@id":"https:\/\/brucke49.ch\/de\/#organization"},"potentialAction":[{"@type":"SearchAction","target":{"@type":"EntryPoint","urlTemplate":"https:\/\/brucke49.ch\/de\/?s={search_term_string}"},"query-input":{"@type":"PropertyValueSpecification","valueRequired":true,"valueName":"search_term_string"}}],"inLanguage":"de"},{"@type":"Organization","@id":"https:\/\/brucke49.ch\/de\/#organization","name":"BR\u00dcCKE 49 Design Hotel","url":"https:\/\/brucke49.ch\/de\/","logo":{"@type":"ImageObject","inLanguage":"de","@id":"https:\/\/brucke49.ch\/de\/#\/schema\/logo\/image\/","url":"https:\/\/brucke49.ch\/wp-content\/uploads\/2023\/10\/Logo-blue.png","contentUrl":"https:\/\/brucke49.ch\/wp-content\/uploads\/2023\/10\/Logo-blue.png","width":1141,"height":167,"caption":"BR\u00dcCKE 49 Design Hotel"},"image":{"@id":"https:\/\/brucke49.ch\/de\/#\/schema\/logo\/image\/"},"sameAs":["https:\/\/www.facebook.com\/profile.php?id=100065140113053","https:\/\/www.instagram.com\/bruecke49\/"]}]}},"_links":{"self":[{"href":"https:\/\/brucke49.ch\/de\/wp-json\/wp\/v2\/product\/2273","targetHints":{"allow":["GET"]}}],"collection":[{"href":"https:\/\/brucke49.ch\/de\/wp-json\/wp\/v2\/product"}],"about":[{"href":"https:\/\/brucke49.ch\/de\/wp-json\/wp\/v2\/types\/product"}],"wp:featuredmedia":[{"embeddable":true,"href":"https:\/\/brucke49.ch\/de\/wp-json\/wp\/v2\/media\/2279"}],"wp:attachment":[{"href":"https:\/\/brucke49.ch\/de\/wp-json\/wp\/v2\/media?parent=2273"}],"wp:term":[{"taxonomy":"product_brand","embeddable":true,"href":"https:\/\/brucke49.ch\/de\/wp-json\/wp\/v2\/product_brand?post=2273"},{"taxonomy":"product_cat","embeddable":true,"href":"https:\/\/brucke49.ch\/de\/wp-json\/wp\/v2\/product_cat?post=2273"},{"taxonomy":"product_tag","embeddable":true,"href":"https:\/\/brucke49.ch\/de\/wp-json\/wp\/v2\/product_tag?post=2273"}],"curies":[{"name":"wp","href":"https:\/\/api.w.org\/{rel}","templated":true}]}}