{"id":2197,"date":"2025-10-13T18:34:19","date_gmt":"2025-10-13T18:34:19","guid":{"rendered":"https:\/\/brucke49.ch\/?post_type=product&#038;p=2197"},"modified":"2026-04-29T13:53:26","modified_gmt":"2026-04-29T13:53:26","slug":"regina-waistcoat-copy","status":"publish","type":"product","link":"https:\/\/brucke49.ch\/de\/produkt\/regina-waistcoat-copy\/","title":{"rendered":"Edith Tee \/\/ Sold out"},"content":{"rendered":"","protected":false},"excerpt":{"rendered":"<p>Wenn du einmal ein Cashmere T-Shirt getragen hast, wird es dein Lieblingsst\u00fcck f\u00fcr den ganzen Winter. Die \u00c4rmel haben wir in der idealen L\u00e4nge gestaltet \u2013 sie enden sanft \u00fcber dem Ellbogen. Ein Herzw\u00e4rmer, f\u00fcr kalte Tage direkt auf der Haut getragen<\/p>\n<p><strong>Details:<br \/>\n<\/strong>100 % Kaschmir<br \/>\nEinheitsgr\u00f6sse<\/p>\n<p><strong>Farben:<\/strong><br \/>\nDunkel Blau \/ Sand Beige M\u00e9lange \/ Asphalt Schwarz<\/p>\n","protected":false},"featured_media":2202,"template":"","meta":{"inline_featured_image":false},"product_brand":[],"product_cat":[39],"product_tag":[55],"class_list":{"0":"post-2197","1":"product","2":"type-product","3":"status-publish","4":"has-post-thumbnail","6":"product_cat-kleidung","7":"product_tag-kaschmir","8":"","9":"woocommerce-text-align-center","10":"woocommerce-image-align-center","12":"first","13":"instock","14":"shipping-taxable","15":"purchasable","16":"product-type-variable"},"yoast_head":"<!-- This site is optimized with the Yoast SEO plugin v27.2 - https:\/\/yoast.com\/product\/yoast-seo-wordpress\/ -->\n<title>Edith Tee \/\/ Sold out &#8212; Brucke49<\/title>\n<meta name=\"robots\" content=\"index, follow, max-snippet:-1, max-image-preview:large, max-video-preview:-1\" \/>\n<link rel=\"canonical\" href=\"https:\/\/brucke49.ch\/de\/produkt\/regina-waistcoat-copy\/\" \/>\n<meta property=\"og:locale\" content=\"de_DE\" \/>\n<meta property=\"og:type\" content=\"article\" \/>\n<meta property=\"og:title\" content=\"Edith Tee \/\/ Sold out &#8212; Brucke49\" \/>\n<meta property=\"og:description\" content=\"Wenn du einmal ein Cashmere T-Shirt getragen hast, wird es dein Lieblingsst\u00fcck f\u00fcr den ganzen Winter. Die \u00c4rmel haben wir in der idealen L\u00e4nge gestaltet \u2013 sie enden sanft \u00fcber dem Ellbogen. Ein Herzw\u00e4rmer, f\u00fcr kalte Tage direkt auf der Haut getragen  Details: 100 % Kaschmir Einheitsgr\u00f6sse  Farben: Dunkel Blau \/ Sand Beige M\u00e9lange \/ Asphalt Schwarz\" \/>\n<meta property=\"og:url\" content=\"https:\/\/brucke49.ch\/de\/produkt\/regina-waistcoat-copy\/\" \/>\n<meta property=\"og:site_name\" content=\"Brucke49\" \/>\n<meta property=\"article:publisher\" content=\"https:\/\/www.facebook.com\/profile.php?id=100065140113053\" \/>\n<meta property=\"article:modified_time\" content=\"2026-04-29T13:53:26+00:00\" \/>\n<meta property=\"og:image\" content=\"https:\/\/brucke49.ch\/wp-content\/uploads\/2025\/10\/Edith-Tee-Cashmere-Brucke49-Butik-1.webp\" \/>\n\t<meta property=\"og:image:width\" content=\"600\" \/>\n\t<meta property=\"og:image:height\" content=\"800\" \/>\n\t<meta property=\"og:image:type\" content=\"image\/webp\" \/>\n<meta name=\"twitter:card\" content=\"summary_large_image\" \/>\n<meta name=\"twitter:label1\" content=\"Gesch\u00e4tzte Lesezeit\" \/>\n\t<meta name=\"twitter:data1\" content=\"1\u00a0Minute\" \/>\n<script type=\"application\/ld+json\" class=\"yoast-schema-graph\">{\"@context\":\"https:\/\/schema.org\",\"@graph\":[{\"@type\":\"WebPage\",\"@id\":\"https:\/\/brucke49.ch\/de\/produkt\/regina-waistcoat-copy\/\",\"url\":\"https:\/\/brucke49.ch\/de\/produkt\/regina-waistcoat-copy\/\",\"name\":\"Edith Tee \/\/ Sold out &#8212; Brucke49\",\"isPartOf\":{\"@id\":\"https:\/\/brucke49.ch\/de\/#website\"},\"primaryImageOfPage\":{\"@id\":\"https:\/\/brucke49.ch\/de\/produkt\/regina-waistcoat-copy\/#primaryimage\"},\"image\":{\"@id\":\"https:\/\/brucke49.ch\/de\/produkt\/regina-waistcoat-copy\/#primaryimage\"},\"thumbnailUrl\":\"https:\/\/brucke49.ch\/wp-content\/uploads\/2025\/10\/Edith-Tee-Cashmere-Brucke49-Butik-1.webp\",\"datePublished\":\"2025-10-13T18:34:19+00:00\",\"dateModified\":\"2026-04-29T13:53:26+00:00\",\"breadcrumb\":{\"@id\":\"https:\/\/brucke49.ch\/de\/produkt\/regina-waistcoat-copy\/#breadcrumb\"},\"inLanguage\":\"de\",\"potentialAction\":[{\"@type\":\"ReadAction\",\"target\":[\"https:\/\/brucke49.ch\/de\/produkt\/regina-waistcoat-copy\/\"]}]},{\"@type\":\"ImageObject\",\"inLanguage\":\"de\",\"@id\":\"https:\/\/brucke49.ch\/de\/produkt\/regina-waistcoat-copy\/#primaryimage\",\"url\":\"https:\/\/brucke49.ch\/wp-content\/uploads\/2025\/10\/Edith-Tee-Cashmere-Brucke49-Butik-1.webp\",\"contentUrl\":\"https:\/\/brucke49.ch\/wp-content\/uploads\/2025\/10\/Edith-Tee-Cashmere-Brucke49-Butik-1.webp\",\"width\":600,\"height\":800},{\"@type\":\"BreadcrumbList\",\"@id\":\"https:\/\/brucke49.ch\/de\/produkt\/regina-waistcoat-copy\/#breadcrumb\",\"itemListElement\":[{\"@type\":\"ListItem\",\"position\":1,\"name\":\"Home\",\"item\":\"https:\/\/brucke49.ch\/de\/startseite\/\"},{\"@type\":\"ListItem\",\"position\":2,\"name\":\"Produkte\",\"item\":\"https:\/\/brucke49.ch\/de\/shop\/\"},{\"@type\":\"ListItem\",\"position\":3,\"name\":\"Edith Tee \/\/ Sold out\"}]},{\"@type\":\"WebSite\",\"@id\":\"https:\/\/brucke49.ch\/de\/#website\",\"url\":\"https:\/\/brucke49.ch\/de\/\",\"name\":\"BR\u00dcCKE 49 Design Hotel\",\"description\":\"\",\"publisher\":{\"@id\":\"https:\/\/brucke49.ch\/de\/#organization\"},\"potentialAction\":[{\"@type\":\"SearchAction\",\"target\":{\"@type\":\"EntryPoint\",\"urlTemplate\":\"https:\/\/brucke49.ch\/de\/?s={search_term_string}\"},\"query-input\":{\"@type\":\"PropertyValueSpecification\",\"valueRequired\":true,\"valueName\":\"search_term_string\"}}],\"inLanguage\":\"de\"},{\"@type\":\"Organization\",\"@id\":\"https:\/\/brucke49.ch\/de\/#organization\",\"name\":\"BR\u00dcCKE 49 Design Hotel\",\"url\":\"https:\/\/brucke49.ch\/de\/\",\"logo\":{\"@type\":\"ImageObject\",\"inLanguage\":\"de\",\"@id\":\"https:\/\/brucke49.ch\/de\/#\/schema\/logo\/image\/\",\"url\":\"https:\/\/brucke49.ch\/wp-content\/uploads\/2023\/10\/Logo-blue.png\",\"contentUrl\":\"https:\/\/brucke49.ch\/wp-content\/uploads\/2023\/10\/Logo-blue.png\",\"width\":1141,\"height\":167,\"caption\":\"BR\u00dcCKE 49 Design Hotel\"},\"image\":{\"@id\":\"https:\/\/brucke49.ch\/de\/#\/schema\/logo\/image\/\"},\"sameAs\":[\"https:\/\/www.facebook.com\/profile.php?id=100065140113053\",\"https:\/\/www.instagram.com\/bruecke49\/\"]}]}<\/script>\n<!-- \/ Yoast SEO plugin. -->","yoast_head_json":{"title":"Edith Tee \/\/ Sold out &#8212; Brucke49","robots":{"index":"index","follow":"follow","max-snippet":"max-snippet:-1","max-image-preview":"max-image-preview:large","max-video-preview":"max-video-preview:-1"},"canonical":"https:\/\/brucke49.ch\/de\/produkt\/regina-waistcoat-copy\/","og_locale":"de_DE","og_type":"article","og_title":"Edith Tee \/\/ Sold out &#8212; Brucke49","og_description":"Wenn du einmal ein Cashmere T-Shirt getragen hast, wird es dein Lieblingsst\u00fcck f\u00fcr den ganzen Winter. Die \u00c4rmel haben wir in der idealen L\u00e4nge gestaltet \u2013 sie enden sanft \u00fcber dem Ellbogen. Ein Herzw\u00e4rmer, f\u00fcr kalte Tage direkt auf der Haut getragen  Details: 100 % Kaschmir Einheitsgr\u00f6sse  Farben: Dunkel Blau \/ Sand Beige M\u00e9lange \/ Asphalt Schwarz","og_url":"https:\/\/brucke49.ch\/de\/produkt\/regina-waistcoat-copy\/","og_site_name":"Brucke49","article_publisher":"https:\/\/www.facebook.com\/profile.php?id=100065140113053","article_modified_time":"2026-04-29T13:53:26+00:00","og_image":[{"width":600,"height":800,"url":"https:\/\/brucke49.ch\/wp-content\/uploads\/2025\/10\/Edith-Tee-Cashmere-Brucke49-Butik-1.webp","type":"image\/webp"}],"twitter_card":"summary_large_image","twitter_misc":{"Gesch\u00e4tzte Lesezeit":"1\u00a0Minute"},"schema":{"@context":"https:\/\/schema.org","@graph":[{"@type":"WebPage","@id":"https:\/\/brucke49.ch\/de\/produkt\/regina-waistcoat-copy\/","url":"https:\/\/brucke49.ch\/de\/produkt\/regina-waistcoat-copy\/","name":"Edith Tee \/\/ Sold out &#8212; Brucke49","isPartOf":{"@id":"https:\/\/brucke49.ch\/de\/#website"},"primaryImageOfPage":{"@id":"https:\/\/brucke49.ch\/de\/produkt\/regina-waistcoat-copy\/#primaryimage"},"image":{"@id":"https:\/\/brucke49.ch\/de\/produkt\/regina-waistcoat-copy\/#primaryimage"},"thumbnailUrl":"https:\/\/brucke49.ch\/wp-content\/uploads\/2025\/10\/Edith-Tee-Cashmere-Brucke49-Butik-1.webp","datePublished":"2025-10-13T18:34:19+00:00","dateModified":"2026-04-29T13:53:26+00:00","breadcrumb":{"@id":"https:\/\/brucke49.ch\/de\/produkt\/regina-waistcoat-copy\/#breadcrumb"},"inLanguage":"de","potentialAction":[{"@type":"ReadAction","target":["https:\/\/brucke49.ch\/de\/produkt\/regina-waistcoat-copy\/"]}]},{"@type":"ImageObject","inLanguage":"de","@id":"https:\/\/brucke49.ch\/de\/produkt\/regina-waistcoat-copy\/#primaryimage","url":"https:\/\/brucke49.ch\/wp-content\/uploads\/2025\/10\/Edith-Tee-Cashmere-Brucke49-Butik-1.webp","contentUrl":"https:\/\/brucke49.ch\/wp-content\/uploads\/2025\/10\/Edith-Tee-Cashmere-Brucke49-Butik-1.webp","width":600,"height":800},{"@type":"BreadcrumbList","@id":"https:\/\/brucke49.ch\/de\/produkt\/regina-waistcoat-copy\/#breadcrumb","itemListElement":[{"@type":"ListItem","position":1,"name":"Home","item":"https:\/\/brucke49.ch\/de\/startseite\/"},{"@type":"ListItem","position":2,"name":"Produkte","item":"https:\/\/brucke49.ch\/de\/shop\/"},{"@type":"ListItem","position":3,"name":"Edith Tee \/\/ Sold out"}]},{"@type":"WebSite","@id":"https:\/\/brucke49.ch\/de\/#website","url":"https:\/\/brucke49.ch\/de\/","name":"BR\u00dcCKE 49 Design Hotel","description":"","publisher":{"@id":"https:\/\/brucke49.ch\/de\/#organization"},"potentialAction":[{"@type":"SearchAction","target":{"@type":"EntryPoint","urlTemplate":"https:\/\/brucke49.ch\/de\/?s={search_term_string}"},"query-input":{"@type":"PropertyValueSpecification","valueRequired":true,"valueName":"search_term_string"}}],"inLanguage":"de"},{"@type":"Organization","@id":"https:\/\/brucke49.ch\/de\/#organization","name":"BR\u00dcCKE 49 Design Hotel","url":"https:\/\/brucke49.ch\/de\/","logo":{"@type":"ImageObject","inLanguage":"de","@id":"https:\/\/brucke49.ch\/de\/#\/schema\/logo\/image\/","url":"https:\/\/brucke49.ch\/wp-content\/uploads\/2023\/10\/Logo-blue.png","contentUrl":"https:\/\/brucke49.ch\/wp-content\/uploads\/2023\/10\/Logo-blue.png","width":1141,"height":167,"caption":"BR\u00dcCKE 49 Design Hotel"},"image":{"@id":"https:\/\/brucke49.ch\/de\/#\/schema\/logo\/image\/"},"sameAs":["https:\/\/www.facebook.com\/profile.php?id=100065140113053","https:\/\/www.instagram.com\/bruecke49\/"]}]}},"_links":{"self":[{"href":"https:\/\/brucke49.ch\/de\/wp-json\/wp\/v2\/product\/2197","targetHints":{"allow":["GET"]}}],"collection":[{"href":"https:\/\/brucke49.ch\/de\/wp-json\/wp\/v2\/product"}],"about":[{"href":"https:\/\/brucke49.ch\/de\/wp-json\/wp\/v2\/types\/product"}],"wp:featuredmedia":[{"embeddable":true,"href":"https:\/\/brucke49.ch\/de\/wp-json\/wp\/v2\/media\/2202"}],"wp:attachment":[{"href":"https:\/\/brucke49.ch\/de\/wp-json\/wp\/v2\/media?parent=2197"}],"wp:term":[{"taxonomy":"product_brand","embeddable":true,"href":"https:\/\/brucke49.ch\/de\/wp-json\/wp\/v2\/product_brand?post=2197"},{"taxonomy":"product_cat","embeddable":true,"href":"https:\/\/brucke49.ch\/de\/wp-json\/wp\/v2\/product_cat?post=2197"},{"taxonomy":"product_tag","embeddable":true,"href":"https:\/\/brucke49.ch\/de\/wp-json\/wp\/v2\/product_tag?post=2197"}],"curies":[{"name":"wp","href":"https:\/\/api.w.org\/{rel}","templated":true}]}}