{"id":1850,"date":"2025-03-02T07:09:40","date_gmt":"2025-03-02T07:09:40","guid":{"rendered":"https:\/\/brucke49.ch\/?post_type=product&#038;p=1850"},"modified":"2026-04-19T07:20:55","modified_gmt":"2026-04-19T07:20:55","slug":"schweres-leinenhandtuch","status":"publish","type":"product","link":"https:\/\/brucke49.ch\/de\/produkt\/schweres-leinenhandtuch\/","title":{"rendered":"Schweres Leinenhandtuch"},"content":{"rendered":"","protected":false},"excerpt":{"rendered":"<p>100 % Leinen, hergestellt in Litauen.<\/p>\n<p>F\u00fcr die K\u00fcche \u2013 als G\u00e4stehandtuch oder was auch immer Sie sich vorstellen k\u00f6nnen.<\/p>\n<p><strong>Details:<br \/>\n<\/strong>100 % Leinen<br \/>\nGr\u00f6\u00dfe 85 x 55<\/p>\n<p><strong>Farben:<\/strong><br \/>\nNaturbelassene schwere Leinen \/ Gr\u00fcne Streifen \/ Gelbe Streifen<\/p>\n","protected":false},"featured_media":2271,"template":"","meta":{"inline_featured_image":false},"product_brand":[],"product_cat":[38],"product_tag":[55],"class_list":{"0":"post-1850","1":"product","2":"type-product","3":"status-publish","4":"has-post-thumbnail","6":"product_cat-designstuecke","7":"product_tag-kaschmir","8":"","9":"woocommerce-text-align-center","10":"woocommerce-image-align-center","12":"first","13":"instock","14":"shipping-taxable","15":"purchasable","16":"product-type-variable"},"yoast_head":"<!-- This site is optimized with the Yoast SEO plugin v27.2 - https:\/\/yoast.com\/product\/yoast-seo-wordpress\/ -->\n<title>Schweres Leinenhandtuch &#8212; Brucke49<\/title>\n<meta name=\"robots\" content=\"index, follow, max-snippet:-1, max-image-preview:large, max-video-preview:-1\" \/>\n<link rel=\"canonical\" href=\"https:\/\/brucke49.ch\/de\/produkt\/schweres-leinenhandtuch\/\" \/>\n<meta property=\"og:locale\" content=\"de_DE\" \/>\n<meta property=\"og:type\" content=\"article\" \/>\n<meta property=\"og:title\" content=\"Schweres Leinenhandtuch &#8212; Brucke49\" \/>\n<meta property=\"og:description\" content=\"100 % Leinen, hergestellt in Litauen.  F\u00fcr die K\u00fcche \u2013 als G\u00e4stehandtuch oder was auch immer Sie sich vorstellen k\u00f6nnen.  Details: 100 % Leinen Gr\u00f6\u00dfe 85 x 55  Farben: Naturbelassene schwere Leinen \/ Gr\u00fcne Streifen \/ Gelbe Streifen\" \/>\n<meta property=\"og:url\" content=\"https:\/\/brucke49.ch\/de\/produkt\/schweres-leinenhandtuch\/\" \/>\n<meta property=\"og:site_name\" content=\"Brucke49\" \/>\n<meta property=\"article:publisher\" content=\"https:\/\/www.facebook.com\/profile.php?id=100065140113053\" \/>\n<meta property=\"article:modified_time\" content=\"2026-04-19T07:20:55+00:00\" \/>\n<meta property=\"og:image\" content=\"https:\/\/brucke49.ch\/wp-content\/uploads\/2023\/11\/Heavy-linen-towel-Brucke49-Butik-3.webp\" \/>\n\t<meta property=\"og:image:width\" content=\"1286\" \/>\n\t<meta property=\"og:image:height\" content=\"2048\" \/>\n\t<meta property=\"og:image:type\" content=\"image\/webp\" \/>\n<meta name=\"twitter:card\" content=\"summary_large_image\" \/>\n<meta name=\"twitter:label1\" content=\"Gesch\u00e4tzte Lesezeit\" \/>\n\t<meta name=\"twitter:data1\" content=\"1\u00a0Minute\" \/>\n<script type=\"application\/ld+json\" class=\"yoast-schema-graph\">{\"@context\":\"https:\/\/schema.org\",\"@graph\":[{\"@type\":\"WebPage\",\"@id\":\"https:\/\/brucke49.ch\/de\/produkt\/schweres-leinenhandtuch\/\",\"url\":\"https:\/\/brucke49.ch\/de\/produkt\/schweres-leinenhandtuch\/\",\"name\":\"Schweres Leinenhandtuch &#8212; Brucke49\",\"isPartOf\":{\"@id\":\"https:\/\/brucke49.ch\/de\/#website\"},\"primaryImageOfPage\":{\"@id\":\"https:\/\/brucke49.ch\/de\/produkt\/schweres-leinenhandtuch\/#primaryimage\"},\"image\":{\"@id\":\"https:\/\/brucke49.ch\/de\/produkt\/schweres-leinenhandtuch\/#primaryimage\"},\"thumbnailUrl\":\"https:\/\/brucke49.ch\/wp-content\/uploads\/2025\/03\/Heavy-linen-towel-Brucke49-Butik-1.webp\",\"datePublished\":\"2025-03-02T07:09:40+00:00\",\"dateModified\":\"2026-04-19T07:20:55+00:00\",\"breadcrumb\":{\"@id\":\"https:\/\/brucke49.ch\/de\/produkt\/schweres-leinenhandtuch\/#breadcrumb\"},\"inLanguage\":\"de\",\"potentialAction\":[{\"@type\":\"ReadAction\",\"target\":[\"https:\/\/brucke49.ch\/de\/produkt\/schweres-leinenhandtuch\/\"]}]},{\"@type\":\"ImageObject\",\"inLanguage\":\"de\",\"@id\":\"https:\/\/brucke49.ch\/de\/produkt\/schweres-leinenhandtuch\/#primaryimage\",\"url\":\"https:\/\/brucke49.ch\/wp-content\/uploads\/2025\/03\/Heavy-linen-towel-Brucke49-Butik-1.webp\",\"contentUrl\":\"https:\/\/brucke49.ch\/wp-content\/uploads\/2025\/03\/Heavy-linen-towel-Brucke49-Butik-1.webp\",\"width\":600,\"height\":800},{\"@type\":\"BreadcrumbList\",\"@id\":\"https:\/\/brucke49.ch\/de\/produkt\/schweres-leinenhandtuch\/#breadcrumb\",\"itemListElement\":[{\"@type\":\"ListItem\",\"position\":1,\"name\":\"Home\",\"item\":\"https:\/\/brucke49.ch\/de\/startseite\/\"},{\"@type\":\"ListItem\",\"position\":2,\"name\":\"Produkte\",\"item\":\"https:\/\/brucke49.ch\/de\/shop\/\"},{\"@type\":\"ListItem\",\"position\":3,\"name\":\"Schweres Leinenhandtuch\"}]},{\"@type\":\"WebSite\",\"@id\":\"https:\/\/brucke49.ch\/de\/#website\",\"url\":\"https:\/\/brucke49.ch\/de\/\",\"name\":\"BR\u00dcCKE 49 Design Hotel\",\"description\":\"\",\"publisher\":{\"@id\":\"https:\/\/brucke49.ch\/de\/#organization\"},\"potentialAction\":[{\"@type\":\"SearchAction\",\"target\":{\"@type\":\"EntryPoint\",\"urlTemplate\":\"https:\/\/brucke49.ch\/de\/?s={search_term_string}\"},\"query-input\":{\"@type\":\"PropertyValueSpecification\",\"valueRequired\":true,\"valueName\":\"search_term_string\"}}],\"inLanguage\":\"de\"},{\"@type\":\"Organization\",\"@id\":\"https:\/\/brucke49.ch\/de\/#organization\",\"name\":\"BR\u00dcCKE 49 Design Hotel\",\"url\":\"https:\/\/brucke49.ch\/de\/\",\"logo\":{\"@type\":\"ImageObject\",\"inLanguage\":\"de\",\"@id\":\"https:\/\/brucke49.ch\/de\/#\/schema\/logo\/image\/\",\"url\":\"https:\/\/brucke49.ch\/wp-content\/uploads\/2023\/10\/Logo-blue.png\",\"contentUrl\":\"https:\/\/brucke49.ch\/wp-content\/uploads\/2023\/10\/Logo-blue.png\",\"width\":1141,\"height\":167,\"caption\":\"BR\u00dcCKE 49 Design Hotel\"},\"image\":{\"@id\":\"https:\/\/brucke49.ch\/de\/#\/schema\/logo\/image\/\"},\"sameAs\":[\"https:\/\/www.facebook.com\/profile.php?id=100065140113053\",\"https:\/\/www.instagram.com\/bruecke49\/\"]}]}<\/script>\n<!-- \/ Yoast SEO plugin. -->","yoast_head_json":{"title":"Schweres Leinenhandtuch &#8212; Brucke49","robots":{"index":"index","follow":"follow","max-snippet":"max-snippet:-1","max-image-preview":"max-image-preview:large","max-video-preview":"max-video-preview:-1"},"canonical":"https:\/\/brucke49.ch\/de\/produkt\/schweres-leinenhandtuch\/","og_locale":"de_DE","og_type":"article","og_title":"Schweres Leinenhandtuch &#8212; Brucke49","og_description":"100 % Leinen, hergestellt in Litauen.  F\u00fcr die K\u00fcche \u2013 als G\u00e4stehandtuch oder was auch immer Sie sich vorstellen k\u00f6nnen.  Details: 100 % Leinen Gr\u00f6\u00dfe 85 x 55  Farben: Naturbelassene schwere Leinen \/ Gr\u00fcne Streifen \/ Gelbe Streifen","og_url":"https:\/\/brucke49.ch\/de\/produkt\/schweres-leinenhandtuch\/","og_site_name":"Brucke49","article_publisher":"https:\/\/www.facebook.com\/profile.php?id=100065140113053","article_modified_time":"2026-04-19T07:20:55+00:00","og_image":[{"width":1286,"height":2048,"url":"https:\/\/brucke49.ch\/wp-content\/uploads\/2023\/11\/Heavy-linen-towel-Brucke49-Butik-3.webp","type":"image\/webp"}],"twitter_card":"summary_large_image","twitter_misc":{"Gesch\u00e4tzte Lesezeit":"1\u00a0Minute"},"schema":{"@context":"https:\/\/schema.org","@graph":[{"@type":"WebPage","@id":"https:\/\/brucke49.ch\/de\/produkt\/schweres-leinenhandtuch\/","url":"https:\/\/brucke49.ch\/de\/produkt\/schweres-leinenhandtuch\/","name":"Schweres Leinenhandtuch &#8212; Brucke49","isPartOf":{"@id":"https:\/\/brucke49.ch\/de\/#website"},"primaryImageOfPage":{"@id":"https:\/\/brucke49.ch\/de\/produkt\/schweres-leinenhandtuch\/#primaryimage"},"image":{"@id":"https:\/\/brucke49.ch\/de\/produkt\/schweres-leinenhandtuch\/#primaryimage"},"thumbnailUrl":"https:\/\/brucke49.ch\/wp-content\/uploads\/2025\/03\/Heavy-linen-towel-Brucke49-Butik-1.webp","datePublished":"2025-03-02T07:09:40+00:00","dateModified":"2026-04-19T07:20:55+00:00","breadcrumb":{"@id":"https:\/\/brucke49.ch\/de\/produkt\/schweres-leinenhandtuch\/#breadcrumb"},"inLanguage":"de","potentialAction":[{"@type":"ReadAction","target":["https:\/\/brucke49.ch\/de\/produkt\/schweres-leinenhandtuch\/"]}]},{"@type":"ImageObject","inLanguage":"de","@id":"https:\/\/brucke49.ch\/de\/produkt\/schweres-leinenhandtuch\/#primaryimage","url":"https:\/\/brucke49.ch\/wp-content\/uploads\/2025\/03\/Heavy-linen-towel-Brucke49-Butik-1.webp","contentUrl":"https:\/\/brucke49.ch\/wp-content\/uploads\/2025\/03\/Heavy-linen-towel-Brucke49-Butik-1.webp","width":600,"height":800},{"@type":"BreadcrumbList","@id":"https:\/\/brucke49.ch\/de\/produkt\/schweres-leinenhandtuch\/#breadcrumb","itemListElement":[{"@type":"ListItem","position":1,"name":"Home","item":"https:\/\/brucke49.ch\/de\/startseite\/"},{"@type":"ListItem","position":2,"name":"Produkte","item":"https:\/\/brucke49.ch\/de\/shop\/"},{"@type":"ListItem","position":3,"name":"Schweres Leinenhandtuch"}]},{"@type":"WebSite","@id":"https:\/\/brucke49.ch\/de\/#website","url":"https:\/\/brucke49.ch\/de\/","name":"BR\u00dcCKE 49 Design Hotel","description":"","publisher":{"@id":"https:\/\/brucke49.ch\/de\/#organization"},"potentialAction":[{"@type":"SearchAction","target":{"@type":"EntryPoint","urlTemplate":"https:\/\/brucke49.ch\/de\/?s={search_term_string}"},"query-input":{"@type":"PropertyValueSpecification","valueRequired":true,"valueName":"search_term_string"}}],"inLanguage":"de"},{"@type":"Organization","@id":"https:\/\/brucke49.ch\/de\/#organization","name":"BR\u00dcCKE 49 Design Hotel","url":"https:\/\/brucke49.ch\/de\/","logo":{"@type":"ImageObject","inLanguage":"de","@id":"https:\/\/brucke49.ch\/de\/#\/schema\/logo\/image\/","url":"https:\/\/brucke49.ch\/wp-content\/uploads\/2023\/10\/Logo-blue.png","contentUrl":"https:\/\/brucke49.ch\/wp-content\/uploads\/2023\/10\/Logo-blue.png","width":1141,"height":167,"caption":"BR\u00dcCKE 49 Design Hotel"},"image":{"@id":"https:\/\/brucke49.ch\/de\/#\/schema\/logo\/image\/"},"sameAs":["https:\/\/www.facebook.com\/profile.php?id=100065140113053","https:\/\/www.instagram.com\/bruecke49\/"]}]}},"_links":{"self":[{"href":"https:\/\/brucke49.ch\/de\/wp-json\/wp\/v2\/product\/1850","targetHints":{"allow":["GET"]}}],"collection":[{"href":"https:\/\/brucke49.ch\/de\/wp-json\/wp\/v2\/product"}],"about":[{"href":"https:\/\/brucke49.ch\/de\/wp-json\/wp\/v2\/types\/product"}],"wp:featuredmedia":[{"embeddable":true,"href":"https:\/\/brucke49.ch\/de\/wp-json\/wp\/v2\/media\/2271"}],"wp:attachment":[{"href":"https:\/\/brucke49.ch\/de\/wp-json\/wp\/v2\/media?parent=1850"}],"wp:term":[{"taxonomy":"product_brand","embeddable":true,"href":"https:\/\/brucke49.ch\/de\/wp-json\/wp\/v2\/product_brand?post=1850"},{"taxonomy":"product_cat","embeddable":true,"href":"https:\/\/brucke49.ch\/de\/wp-json\/wp\/v2\/product_cat?post=1850"},{"taxonomy":"product_tag","embeddable":true,"href":"https:\/\/brucke49.ch\/de\/wp-json\/wp\/v2\/product_tag?post=1850"}],"curies":[{"name":"wp","href":"https:\/\/api.w.org\/{rel}","templated":true}]}}