{"id":1729,"date":"2024-10-11T10:42:30","date_gmt":"2024-10-11T10:42:30","guid":{"rendered":"https:\/\/brucke49.ch\/product\/rikke-high-neck\/"},"modified":"2025-12-15T08:25:47","modified_gmt":"2025-12-15T08:25:47","slug":"rikke-high-neck","status":"publish","type":"product","link":"https:\/\/brucke49.ch\/de\/produkt\/rikke-high-neck\/","title":{"rendered":"Rikke High Neck \/\/ Sold out"},"content":{"rendered":"","protected":false},"excerpt":{"rendered":"<p>Ein wunderbar bequemer Pullover \u2013 ein wenig von den Jungs geliehen. Er passt perfekt zu weiten Cordhosen oder klassischen Jeans. Die \u00c4rmel sind etwas grossz\u00fcgiger geschnitten und k\u00f6nnen f\u00fcr ein zus\u00e4tzliches Styling-Detail umgeschlagen werden. Hinten sorgen eine dekorative Naht und ein kleiner Schlitz f\u00fcr eine subtile, feminine Note.<\/p>\n<p><strong>Details:<br \/>\n<\/strong>100 % Kaschmir<br \/>\nEinheitsgr\u00f6sse<\/p>\n<p><strong>Farben:<\/strong><br \/>\nDunkel Blau<\/p>\n","protected":false},"featured_media":2157,"template":"","meta":{"inline_featured_image":false},"product_brand":[],"product_cat":[39],"product_tag":[55],"class_list":{"0":"post-1729","1":"product","2":"type-product","3":"status-publish","4":"has-post-thumbnail","6":"product_cat-kleidung","7":"product_tag-kaschmir","8":"","9":"woocommerce-text-align-center","10":"woocommerce-image-align-center","12":"first","13":"instock","14":"shipping-taxable","15":"purchasable","16":"product-type-variable"},"yoast_head":"<!-- This site is optimized with the Yoast SEO plugin v27.2 - https:\/\/yoast.com\/product\/yoast-seo-wordpress\/ -->\n<title>Rikke High Neck \/\/ Sold out &#8212; Brucke49<\/title>\n<meta name=\"robots\" content=\"index, follow, max-snippet:-1, max-image-preview:large, max-video-preview:-1\" \/>\n<link rel=\"canonical\" href=\"https:\/\/brucke49.ch\/de\/produkt\/rikke-high-neck\/\" \/>\n<meta property=\"og:locale\" content=\"de_DE\" \/>\n<meta property=\"og:type\" content=\"article\" \/>\n<meta property=\"og:title\" content=\"Rikke High Neck \/\/ Sold out &#8212; Brucke49\" \/>\n<meta property=\"og:description\" content=\"Ein wunderbar bequemer Pullover \u2013 ein wenig von den Jungs geliehen. Er passt perfekt zu weiten Cordhosen oder klassischen Jeans. Die \u00c4rmel sind etwas grossz\u00fcgiger geschnitten und k\u00f6nnen f\u00fcr ein zus\u00e4tzliches Styling-Detail umgeschlagen werden. Hinten sorgen eine dekorative Naht und ein kleiner Schlitz f\u00fcr eine subtile, feminine Note.  Details: 100 % Kaschmir Einheitsgr\u00f6sse  Farben: Dunkel Blau\" \/>\n<meta property=\"og:url\" content=\"https:\/\/brucke49.ch\/de\/produkt\/rikke-high-neck\/\" \/>\n<meta property=\"og:site_name\" content=\"Brucke49\" \/>\n<meta property=\"article:publisher\" content=\"https:\/\/www.facebook.com\/profile.php?id=100065140113053\" \/>\n<meta property=\"article:modified_time\" content=\"2025-12-15T08:25:47+00:00\" \/>\n<meta property=\"og:image\" content=\"https:\/\/brucke49.ch\/wp-content\/uploads\/2024\/10\/Rikke-Role-Neck-Cashmere-Brucke49-Butik-1.webp\" \/>\n\t<meta property=\"og:image:width\" content=\"600\" \/>\n\t<meta property=\"og:image:height\" content=\"800\" \/>\n\t<meta property=\"og:image:type\" content=\"image\/webp\" \/>\n<meta name=\"twitter:card\" content=\"summary_large_image\" \/>\n<meta name=\"twitter:label1\" content=\"Gesch\u00e4tzte Lesezeit\" \/>\n\t<meta name=\"twitter:data1\" content=\"1\u00a0Minute\" \/>\n<script type=\"application\/ld+json\" class=\"yoast-schema-graph\">{\"@context\":\"https:\/\/schema.org\",\"@graph\":[{\"@type\":\"WebPage\",\"@id\":\"https:\/\/brucke49.ch\/de\/produkt\/rikke-high-neck\/\",\"url\":\"https:\/\/brucke49.ch\/de\/produkt\/rikke-high-neck\/\",\"name\":\"Rikke High Neck \/\/ Sold out &#8212; Brucke49\",\"isPartOf\":{\"@id\":\"https:\/\/brucke49.ch\/de\/#website\"},\"primaryImageOfPage\":{\"@id\":\"https:\/\/brucke49.ch\/de\/produkt\/rikke-high-neck\/#primaryimage\"},\"image\":{\"@id\":\"https:\/\/brucke49.ch\/de\/produkt\/rikke-high-neck\/#primaryimage\"},\"thumbnailUrl\":\"https:\/\/brucke49.ch\/wp-content\/uploads\/2024\/10\/Rikke-Role-Neck-Cashmere-Brucke49-Butik-1.webp\",\"datePublished\":\"2024-10-11T10:42:30+00:00\",\"dateModified\":\"2025-12-15T08:25:47+00:00\",\"breadcrumb\":{\"@id\":\"https:\/\/brucke49.ch\/de\/produkt\/rikke-high-neck\/#breadcrumb\"},\"inLanguage\":\"de\",\"potentialAction\":[{\"@type\":\"ReadAction\",\"target\":[\"https:\/\/brucke49.ch\/de\/produkt\/rikke-high-neck\/\"]}]},{\"@type\":\"ImageObject\",\"inLanguage\":\"de\",\"@id\":\"https:\/\/brucke49.ch\/de\/produkt\/rikke-high-neck\/#primaryimage\",\"url\":\"https:\/\/brucke49.ch\/wp-content\/uploads\/2024\/10\/Rikke-Role-Neck-Cashmere-Brucke49-Butik-1.webp\",\"contentUrl\":\"https:\/\/brucke49.ch\/wp-content\/uploads\/2024\/10\/Rikke-Role-Neck-Cashmere-Brucke49-Butik-1.webp\",\"width\":600,\"height\":800},{\"@type\":\"BreadcrumbList\",\"@id\":\"https:\/\/brucke49.ch\/de\/produkt\/rikke-high-neck\/#breadcrumb\",\"itemListElement\":[{\"@type\":\"ListItem\",\"position\":1,\"name\":\"Home\",\"item\":\"https:\/\/brucke49.ch\/de\/startseite\/\"},{\"@type\":\"ListItem\",\"position\":2,\"name\":\"Produkte\",\"item\":\"https:\/\/brucke49.ch\/de\/shop\/\"},{\"@type\":\"ListItem\",\"position\":3,\"name\":\"Rikke High Neck \/\/ Sold out\"}]},{\"@type\":\"WebSite\",\"@id\":\"https:\/\/brucke49.ch\/de\/#website\",\"url\":\"https:\/\/brucke49.ch\/de\/\",\"name\":\"BR\u00dcCKE 49 Design Hotel\",\"description\":\"\",\"publisher\":{\"@id\":\"https:\/\/brucke49.ch\/de\/#organization\"},\"potentialAction\":[{\"@type\":\"SearchAction\",\"target\":{\"@type\":\"EntryPoint\",\"urlTemplate\":\"https:\/\/brucke49.ch\/de\/?s={search_term_string}\"},\"query-input\":{\"@type\":\"PropertyValueSpecification\",\"valueRequired\":true,\"valueName\":\"search_term_string\"}}],\"inLanguage\":\"de\"},{\"@type\":\"Organization\",\"@id\":\"https:\/\/brucke49.ch\/de\/#organization\",\"name\":\"BR\u00dcCKE 49 Design Hotel\",\"url\":\"https:\/\/brucke49.ch\/de\/\",\"logo\":{\"@type\":\"ImageObject\",\"inLanguage\":\"de\",\"@id\":\"https:\/\/brucke49.ch\/de\/#\/schema\/logo\/image\/\",\"url\":\"https:\/\/brucke49.ch\/wp-content\/uploads\/2023\/10\/Logo-blue.png\",\"contentUrl\":\"https:\/\/brucke49.ch\/wp-content\/uploads\/2023\/10\/Logo-blue.png\",\"width\":1141,\"height\":167,\"caption\":\"BR\u00dcCKE 49 Design Hotel\"},\"image\":{\"@id\":\"https:\/\/brucke49.ch\/de\/#\/schema\/logo\/image\/\"},\"sameAs\":[\"https:\/\/www.facebook.com\/profile.php?id=100065140113053\",\"https:\/\/www.instagram.com\/bruecke49\/\"]}]}<\/script>\n<!-- \/ Yoast SEO plugin. -->","yoast_head_json":{"title":"Rikke High Neck \/\/ Sold out &#8212; Brucke49","robots":{"index":"index","follow":"follow","max-snippet":"max-snippet:-1","max-image-preview":"max-image-preview:large","max-video-preview":"max-video-preview:-1"},"canonical":"https:\/\/brucke49.ch\/de\/produkt\/rikke-high-neck\/","og_locale":"de_DE","og_type":"article","og_title":"Rikke High Neck \/\/ Sold out &#8212; Brucke49","og_description":"Ein wunderbar bequemer Pullover \u2013 ein wenig von den Jungs geliehen. Er passt perfekt zu weiten Cordhosen oder klassischen Jeans. Die \u00c4rmel sind etwas grossz\u00fcgiger geschnitten und k\u00f6nnen f\u00fcr ein zus\u00e4tzliches Styling-Detail umgeschlagen werden. Hinten sorgen eine dekorative Naht und ein kleiner Schlitz f\u00fcr eine subtile, feminine Note.  Details: 100 % Kaschmir Einheitsgr\u00f6sse  Farben: Dunkel Blau","og_url":"https:\/\/brucke49.ch\/de\/produkt\/rikke-high-neck\/","og_site_name":"Brucke49","article_publisher":"https:\/\/www.facebook.com\/profile.php?id=100065140113053","article_modified_time":"2025-12-15T08:25:47+00:00","og_image":[{"width":600,"height":800,"url":"https:\/\/brucke49.ch\/wp-content\/uploads\/2024\/10\/Rikke-Role-Neck-Cashmere-Brucke49-Butik-1.webp","type":"image\/webp"}],"twitter_card":"summary_large_image","twitter_misc":{"Gesch\u00e4tzte Lesezeit":"1\u00a0Minute"},"schema":{"@context":"https:\/\/schema.org","@graph":[{"@type":"WebPage","@id":"https:\/\/brucke49.ch\/de\/produkt\/rikke-high-neck\/","url":"https:\/\/brucke49.ch\/de\/produkt\/rikke-high-neck\/","name":"Rikke High Neck \/\/ Sold out &#8212; Brucke49","isPartOf":{"@id":"https:\/\/brucke49.ch\/de\/#website"},"primaryImageOfPage":{"@id":"https:\/\/brucke49.ch\/de\/produkt\/rikke-high-neck\/#primaryimage"},"image":{"@id":"https:\/\/brucke49.ch\/de\/produkt\/rikke-high-neck\/#primaryimage"},"thumbnailUrl":"https:\/\/brucke49.ch\/wp-content\/uploads\/2024\/10\/Rikke-Role-Neck-Cashmere-Brucke49-Butik-1.webp","datePublished":"2024-10-11T10:42:30+00:00","dateModified":"2025-12-15T08:25:47+00:00","breadcrumb":{"@id":"https:\/\/brucke49.ch\/de\/produkt\/rikke-high-neck\/#breadcrumb"},"inLanguage":"de","potentialAction":[{"@type":"ReadAction","target":["https:\/\/brucke49.ch\/de\/produkt\/rikke-high-neck\/"]}]},{"@type":"ImageObject","inLanguage":"de","@id":"https:\/\/brucke49.ch\/de\/produkt\/rikke-high-neck\/#primaryimage","url":"https:\/\/brucke49.ch\/wp-content\/uploads\/2024\/10\/Rikke-Role-Neck-Cashmere-Brucke49-Butik-1.webp","contentUrl":"https:\/\/brucke49.ch\/wp-content\/uploads\/2024\/10\/Rikke-Role-Neck-Cashmere-Brucke49-Butik-1.webp","width":600,"height":800},{"@type":"BreadcrumbList","@id":"https:\/\/brucke49.ch\/de\/produkt\/rikke-high-neck\/#breadcrumb","itemListElement":[{"@type":"ListItem","position":1,"name":"Home","item":"https:\/\/brucke49.ch\/de\/startseite\/"},{"@type":"ListItem","position":2,"name":"Produkte","item":"https:\/\/brucke49.ch\/de\/shop\/"},{"@type":"ListItem","position":3,"name":"Rikke High Neck \/\/ Sold out"}]},{"@type":"WebSite","@id":"https:\/\/brucke49.ch\/de\/#website","url":"https:\/\/brucke49.ch\/de\/","name":"BR\u00dcCKE 49 Design Hotel","description":"","publisher":{"@id":"https:\/\/brucke49.ch\/de\/#organization"},"potentialAction":[{"@type":"SearchAction","target":{"@type":"EntryPoint","urlTemplate":"https:\/\/brucke49.ch\/de\/?s={search_term_string}"},"query-input":{"@type":"PropertyValueSpecification","valueRequired":true,"valueName":"search_term_string"}}],"inLanguage":"de"},{"@type":"Organization","@id":"https:\/\/brucke49.ch\/de\/#organization","name":"BR\u00dcCKE 49 Design Hotel","url":"https:\/\/brucke49.ch\/de\/","logo":{"@type":"ImageObject","inLanguage":"de","@id":"https:\/\/brucke49.ch\/de\/#\/schema\/logo\/image\/","url":"https:\/\/brucke49.ch\/wp-content\/uploads\/2023\/10\/Logo-blue.png","contentUrl":"https:\/\/brucke49.ch\/wp-content\/uploads\/2023\/10\/Logo-blue.png","width":1141,"height":167,"caption":"BR\u00dcCKE 49 Design Hotel"},"image":{"@id":"https:\/\/brucke49.ch\/de\/#\/schema\/logo\/image\/"},"sameAs":["https:\/\/www.facebook.com\/profile.php?id=100065140113053","https:\/\/www.instagram.com\/bruecke49\/"]}]}},"_links":{"self":[{"href":"https:\/\/brucke49.ch\/de\/wp-json\/wp\/v2\/product\/1729","targetHints":{"allow":["GET"]}}],"collection":[{"href":"https:\/\/brucke49.ch\/de\/wp-json\/wp\/v2\/product"}],"about":[{"href":"https:\/\/brucke49.ch\/de\/wp-json\/wp\/v2\/types\/product"}],"wp:featuredmedia":[{"embeddable":true,"href":"https:\/\/brucke49.ch\/de\/wp-json\/wp\/v2\/media\/2157"}],"wp:attachment":[{"href":"https:\/\/brucke49.ch\/de\/wp-json\/wp\/v2\/media?parent=1729"}],"wp:term":[{"taxonomy":"product_brand","embeddable":true,"href":"https:\/\/brucke49.ch\/de\/wp-json\/wp\/v2\/product_brand?post=1729"},{"taxonomy":"product_cat","embeddable":true,"href":"https:\/\/brucke49.ch\/de\/wp-json\/wp\/v2\/product_cat?post=1729"},{"taxonomy":"product_tag","embeddable":true,"href":"https:\/\/brucke49.ch\/de\/wp-json\/wp\/v2\/product_tag?post=1729"}],"curies":[{"name":"wp","href":"https:\/\/api.w.org\/{rel}","templated":true}]}}