{"id":1632,"date":"2024-10-11T12:50:01","date_gmt":"2024-10-11T12:50:01","guid":{"rendered":"https:\/\/brucke49.ch\/?post_type=product&#038;p=1632"},"modified":"2026-04-29T13:56:09","modified_gmt":"2026-04-29T13:56:09","slug":"gio-sweater","status":"publish","type":"product","link":"https:\/\/brucke49.ch\/de\/produkt\/gio-sweater\/","title":{"rendered":"Gio Sweater \/\/ Sold out"},"content":{"rendered":"","protected":false},"excerpt":{"rendered":"<p data-sourcepos=\"3:1-3:297\">Dies ist unser ultra-basischer Strick &#8211; aber auch hier haben wir diesem Pullover einige Details verliehen, die ihn besonders macht &#8211; kleine Schlitze an den Seiten, etwas breitere \u00c4rmel, die sich leicht hochkrempeln l\u00e4sst.<br \/>\nDieser Pullover passt zu allem, von Sport bis hin zu festlicher Kleidung.<\/p>\n<p data-sourcepos=\"5:1-5:12\"><strong>Details:<br \/>\n<\/strong>100 % Kaschmir<br \/>\nEinheitsgr\u00f6sse<\/p>\n<p><strong>Farben: <\/strong><br \/>\nDunkel Blau \/ Sand Beige M\u00e9lange \/ Salbei Gr\u00fcn<\/p>\n","protected":false},"featured_media":2130,"template":"","meta":{"inline_featured_image":false},"product_brand":[],"product_cat":[39],"product_tag":[55],"class_list":{"0":"post-1632","1":"product","2":"type-product","3":"status-publish","4":"has-post-thumbnail","6":"product_cat-kleidung","7":"product_tag-kaschmir","8":"","9":"woocommerce-text-align-center","10":"woocommerce-image-align-center","12":"first","13":"instock","14":"shipping-taxable","15":"purchasable","16":"product-type-variable"},"yoast_head":"<!-- This site is optimized with the Yoast SEO plugin v27.6 - https:\/\/yoast.com\/product\/yoast-seo-wordpress\/ -->\n<title>Gio Sweater \/\/ Sold out &#8212; Brucke49<\/title>\n<meta name=\"robots\" content=\"index, follow, max-snippet:-1, max-image-preview:large, max-video-preview:-1\" \/>\n<link rel=\"canonical\" href=\"https:\/\/brucke49.ch\/de\/produkt\/gio-sweater\/\" \/>\n<meta property=\"og:locale\" content=\"de_DE\" \/>\n<meta property=\"og:type\" content=\"article\" \/>\n<meta property=\"og:title\" content=\"Gio Sweater \/\/ Sold out &#8212; Brucke49\" \/>\n<meta property=\"og:description\" content=\"Dies ist unser ultra-basischer Strick - aber auch hier haben wir diesem Pullover einige Details verliehen, die ihn besonders macht - kleine Schlitze an den Seiten, etwas breitere \u00c4rmel, die sich leicht hochkrempeln l\u00e4sst. Dieser Pullover passt zu allem, von Sport bis hin zu festlicher Kleidung. Details: 100 % Kaschmir Einheitsgr\u00f6sse Farben:  Dunkel Blau \/ Sand Beige M\u00e9lange \/ Salbei Gr\u00fcn\" \/>\n<meta property=\"og:url\" content=\"https:\/\/brucke49.ch\/de\/produkt\/gio-sweater\/\" \/>\n<meta property=\"og:site_name\" content=\"Brucke49\" \/>\n<meta property=\"article:publisher\" content=\"https:\/\/www.facebook.com\/profile.php?id=100065140113053\" \/>\n<meta property=\"article:modified_time\" content=\"2026-04-29T13:56:09+00:00\" \/>\n<meta property=\"og:image\" content=\"https:\/\/brucke49.ch\/wp-content\/uploads\/2024\/10\/Gio-Swater-Cashmere-Brucke49-Butik-2-1.webp\" \/>\n\t<meta property=\"og:image:width\" content=\"600\" \/>\n\t<meta property=\"og:image:height\" content=\"800\" \/>\n\t<meta property=\"og:image:type\" content=\"image\/webp\" \/>\n<meta name=\"twitter:card\" content=\"summary_large_image\" \/>\n<meta name=\"twitter:label1\" content=\"Gesch\u00e4tzte Lesezeit\" \/>\n\t<meta name=\"twitter:data1\" content=\"1\u00a0Minute\" \/>\n<script type=\"application\/ld+json\" class=\"yoast-schema-graph\">{\"@context\":\"https:\\\/\\\/schema.org\",\"@graph\":[{\"@type\":\"WebPage\",\"@id\":\"https:\\\/\\\/brucke49.ch\\\/de\\\/produkt\\\/gio-sweater\\\/\",\"url\":\"https:\\\/\\\/brucke49.ch\\\/de\\\/produkt\\\/gio-sweater\\\/\",\"name\":\"Gio Sweater \\\/\\\/ Sold out &#8212; Brucke49\",\"isPartOf\":{\"@id\":\"https:\\\/\\\/brucke49.ch\\\/de\\\/#website\"},\"primaryImageOfPage\":{\"@id\":\"https:\\\/\\\/brucke49.ch\\\/de\\\/produkt\\\/gio-sweater\\\/#primaryimage\"},\"image\":{\"@id\":\"https:\\\/\\\/brucke49.ch\\\/de\\\/produkt\\\/gio-sweater\\\/#primaryimage\"},\"thumbnailUrl\":\"https:\\\/\\\/brucke49.ch\\\/wp-content\\\/uploads\\\/2024\\\/10\\\/Gio-Swater-Cashmere-Brucke49-Butik-2-1.webp\",\"datePublished\":\"2024-10-11T12:50:01+00:00\",\"dateModified\":\"2026-04-29T13:56:09+00:00\",\"breadcrumb\":{\"@id\":\"https:\\\/\\\/brucke49.ch\\\/de\\\/produkt\\\/gio-sweater\\\/#breadcrumb\"},\"inLanguage\":\"de\",\"potentialAction\":[{\"@type\":\"ReadAction\",\"target\":[\"https:\\\/\\\/brucke49.ch\\\/de\\\/produkt\\\/gio-sweater\\\/\"]}]},{\"@type\":\"ImageObject\",\"inLanguage\":\"de\",\"@id\":\"https:\\\/\\\/brucke49.ch\\\/de\\\/produkt\\\/gio-sweater\\\/#primaryimage\",\"url\":\"https:\\\/\\\/brucke49.ch\\\/wp-content\\\/uploads\\\/2024\\\/10\\\/Gio-Swater-Cashmere-Brucke49-Butik-2-1.webp\",\"contentUrl\":\"https:\\\/\\\/brucke49.ch\\\/wp-content\\\/uploads\\\/2024\\\/10\\\/Gio-Swater-Cashmere-Brucke49-Butik-2-1.webp\",\"width\":600,\"height\":800},{\"@type\":\"BreadcrumbList\",\"@id\":\"https:\\\/\\\/brucke49.ch\\\/de\\\/produkt\\\/gio-sweater\\\/#breadcrumb\",\"itemListElement\":[{\"@type\":\"ListItem\",\"position\":1,\"name\":\"Home\",\"item\":\"https:\\\/\\\/brucke49.ch\\\/de\\\/startseite\\\/\"},{\"@type\":\"ListItem\",\"position\":2,\"name\":\"Produkte\",\"item\":\"https:\\\/\\\/brucke49.ch\\\/de\\\/shop\\\/\"},{\"@type\":\"ListItem\",\"position\":3,\"name\":\"Gio Sweater \\\/\\\/ Sold out\"}]},{\"@type\":\"WebSite\",\"@id\":\"https:\\\/\\\/brucke49.ch\\\/de\\\/#website\",\"url\":\"https:\\\/\\\/brucke49.ch\\\/de\\\/\",\"name\":\"BR\u00dcCKE 49 Design Hotel\",\"description\":\"\",\"publisher\":{\"@id\":\"https:\\\/\\\/brucke49.ch\\\/de\\\/#organization\"},\"potentialAction\":[{\"@type\":\"SearchAction\",\"target\":{\"@type\":\"EntryPoint\",\"urlTemplate\":\"https:\\\/\\\/brucke49.ch\\\/de\\\/?s={search_term_string}\"},\"query-input\":{\"@type\":\"PropertyValueSpecification\",\"valueRequired\":true,\"valueName\":\"search_term_string\"}}],\"inLanguage\":\"de\"},{\"@type\":\"Organization\",\"@id\":\"https:\\\/\\\/brucke49.ch\\\/de\\\/#organization\",\"name\":\"BR\u00dcCKE 49 Design Hotel\",\"url\":\"https:\\\/\\\/brucke49.ch\\\/de\\\/\",\"logo\":{\"@type\":\"ImageObject\",\"inLanguage\":\"de\",\"@id\":\"https:\\\/\\\/brucke49.ch\\\/de\\\/#\\\/schema\\\/logo\\\/image\\\/\",\"url\":\"https:\\\/\\\/brucke49.ch\\\/wp-content\\\/uploads\\\/2023\\\/10\\\/Logo-blue.png\",\"contentUrl\":\"https:\\\/\\\/brucke49.ch\\\/wp-content\\\/uploads\\\/2023\\\/10\\\/Logo-blue.png\",\"width\":1141,\"height\":167,\"caption\":\"BR\u00dcCKE 49 Design Hotel\"},\"image\":{\"@id\":\"https:\\\/\\\/brucke49.ch\\\/de\\\/#\\\/schema\\\/logo\\\/image\\\/\"},\"sameAs\":[\"https:\\\/\\\/www.facebook.com\\\/profile.php?id=100065140113053\",\"https:\\\/\\\/www.instagram.com\\\/bruecke49\\\/\"]}]}<\/script>\n<!-- \/ Yoast SEO plugin. -->","yoast_head_json":{"title":"Gio Sweater \/\/ Sold out &#8212; Brucke49","robots":{"index":"index","follow":"follow","max-snippet":"max-snippet:-1","max-image-preview":"max-image-preview:large","max-video-preview":"max-video-preview:-1"},"canonical":"https:\/\/brucke49.ch\/de\/produkt\/gio-sweater\/","og_locale":"de_DE","og_type":"article","og_title":"Gio Sweater \/\/ Sold out &#8212; Brucke49","og_description":"Dies ist unser ultra-basischer Strick - aber auch hier haben wir diesem Pullover einige Details verliehen, die ihn besonders macht - kleine Schlitze an den Seiten, etwas breitere \u00c4rmel, die sich leicht hochkrempeln l\u00e4sst. Dieser Pullover passt zu allem, von Sport bis hin zu festlicher Kleidung. Details: 100 % Kaschmir Einheitsgr\u00f6sse Farben:  Dunkel Blau \/ Sand Beige M\u00e9lange \/ Salbei Gr\u00fcn","og_url":"https:\/\/brucke49.ch\/de\/produkt\/gio-sweater\/","og_site_name":"Brucke49","article_publisher":"https:\/\/www.facebook.com\/profile.php?id=100065140113053","article_modified_time":"2026-04-29T13:56:09+00:00","og_image":[{"width":600,"height":800,"url":"https:\/\/brucke49.ch\/wp-content\/uploads\/2024\/10\/Gio-Swater-Cashmere-Brucke49-Butik-2-1.webp","type":"image\/webp"}],"twitter_card":"summary_large_image","twitter_misc":{"Gesch\u00e4tzte Lesezeit":"1\u00a0Minute"},"schema":{"@context":"https:\/\/schema.org","@graph":[{"@type":"WebPage","@id":"https:\/\/brucke49.ch\/de\/produkt\/gio-sweater\/","url":"https:\/\/brucke49.ch\/de\/produkt\/gio-sweater\/","name":"Gio Sweater \/\/ Sold out &#8212; Brucke49","isPartOf":{"@id":"https:\/\/brucke49.ch\/de\/#website"},"primaryImageOfPage":{"@id":"https:\/\/brucke49.ch\/de\/produkt\/gio-sweater\/#primaryimage"},"image":{"@id":"https:\/\/brucke49.ch\/de\/produkt\/gio-sweater\/#primaryimage"},"thumbnailUrl":"https:\/\/brucke49.ch\/wp-content\/uploads\/2024\/10\/Gio-Swater-Cashmere-Brucke49-Butik-2-1.webp","datePublished":"2024-10-11T12:50:01+00:00","dateModified":"2026-04-29T13:56:09+00:00","breadcrumb":{"@id":"https:\/\/brucke49.ch\/de\/produkt\/gio-sweater\/#breadcrumb"},"inLanguage":"de","potentialAction":[{"@type":"ReadAction","target":["https:\/\/brucke49.ch\/de\/produkt\/gio-sweater\/"]}]},{"@type":"ImageObject","inLanguage":"de","@id":"https:\/\/brucke49.ch\/de\/produkt\/gio-sweater\/#primaryimage","url":"https:\/\/brucke49.ch\/wp-content\/uploads\/2024\/10\/Gio-Swater-Cashmere-Brucke49-Butik-2-1.webp","contentUrl":"https:\/\/brucke49.ch\/wp-content\/uploads\/2024\/10\/Gio-Swater-Cashmere-Brucke49-Butik-2-1.webp","width":600,"height":800},{"@type":"BreadcrumbList","@id":"https:\/\/brucke49.ch\/de\/produkt\/gio-sweater\/#breadcrumb","itemListElement":[{"@type":"ListItem","position":1,"name":"Home","item":"https:\/\/brucke49.ch\/de\/startseite\/"},{"@type":"ListItem","position":2,"name":"Produkte","item":"https:\/\/brucke49.ch\/de\/shop\/"},{"@type":"ListItem","position":3,"name":"Gio Sweater \/\/ Sold out"}]},{"@type":"WebSite","@id":"https:\/\/brucke49.ch\/de\/#website","url":"https:\/\/brucke49.ch\/de\/","name":"BR\u00dcCKE 49 Design Hotel","description":"","publisher":{"@id":"https:\/\/brucke49.ch\/de\/#organization"},"potentialAction":[{"@type":"SearchAction","target":{"@type":"EntryPoint","urlTemplate":"https:\/\/brucke49.ch\/de\/?s={search_term_string}"},"query-input":{"@type":"PropertyValueSpecification","valueRequired":true,"valueName":"search_term_string"}}],"inLanguage":"de"},{"@type":"Organization","@id":"https:\/\/brucke49.ch\/de\/#organization","name":"BR\u00dcCKE 49 Design Hotel","url":"https:\/\/brucke49.ch\/de\/","logo":{"@type":"ImageObject","inLanguage":"de","@id":"https:\/\/brucke49.ch\/de\/#\/schema\/logo\/image\/","url":"https:\/\/brucke49.ch\/wp-content\/uploads\/2023\/10\/Logo-blue.png","contentUrl":"https:\/\/brucke49.ch\/wp-content\/uploads\/2023\/10\/Logo-blue.png","width":1141,"height":167,"caption":"BR\u00dcCKE 49 Design Hotel"},"image":{"@id":"https:\/\/brucke49.ch\/de\/#\/schema\/logo\/image\/"},"sameAs":["https:\/\/www.facebook.com\/profile.php?id=100065140113053","https:\/\/www.instagram.com\/bruecke49\/"]}]}},"_links":{"self":[{"href":"https:\/\/brucke49.ch\/de\/wp-json\/wp\/v2\/product\/1632","targetHints":{"allow":["GET"]}}],"collection":[{"href":"https:\/\/brucke49.ch\/de\/wp-json\/wp\/v2\/product"}],"about":[{"href":"https:\/\/brucke49.ch\/de\/wp-json\/wp\/v2\/types\/product"}],"wp:featuredmedia":[{"embeddable":true,"href":"https:\/\/brucke49.ch\/de\/wp-json\/wp\/v2\/media\/2130"}],"wp:attachment":[{"href":"https:\/\/brucke49.ch\/de\/wp-json\/wp\/v2\/media?parent=1632"}],"wp:term":[{"taxonomy":"product_brand","embeddable":true,"href":"https:\/\/brucke49.ch\/de\/wp-json\/wp\/v2\/product_brand?post=1632"},{"taxonomy":"product_cat","embeddable":true,"href":"https:\/\/brucke49.ch\/de\/wp-json\/wp\/v2\/product_cat?post=1632"},{"taxonomy":"product_tag","embeddable":true,"href":"https:\/\/brucke49.ch\/de\/wp-json\/wp\/v2\/product_tag?post=1632"}],"curies":[{"name":"wp","href":"https:\/\/api.w.org\/{rel}","templated":true}]}}