{"id":1046,"date":"2023-10-17T19:25:29","date_gmt":"2023-10-17T19:25:29","guid":{"rendered":"https:\/\/brucke49.karensunivers.com\/product\/karen-handnittet-hat\/"},"modified":"2024-10-17T06:56:46","modified_gmt":"2024-10-17T06:56:46","slug":"karen-handnittet-hat","status":"publish","type":"product","link":"https:\/\/brucke49.ch\/de\/produkt\/karen-handnittet-hat\/","title":{"rendered":"Karen Handgestrickte M\u00fctze"},"content":{"rendered":"","protected":false},"excerpt":{"rendered":"<p>Auf Bestellung handgestrickte M\u00fctze aus 14-f\u00e4digem Kaschmir.<br \/>\n<span style=\"font-size: inherit; font-family: -apple-system, system-ui, BlinkMacSystemFont, 'Segoe UI', Helvetica, Arial, sans-serif, 'Apple Color Emoji', 'Segoe UI Emoji', 'Segoe UI Symbol';\">Einheitsgr\u00f6sse<\/span><\/p>\n<p><strong>Wir fertigen sie in klassischen Farben:<br \/>\n<\/strong>Dunkelblau, Dunkelgrau M\u00e9lange, Burgunder, Hellgrau, M\u00e9lange, Wollwei\u00df<\/p>\n<p>Bitte rechnen Sie mit einer Lieferzeit von 10 Tagen.<\/p>\n<p>Unsere hochwertige, handgefertigte M\u00fctze ist aus 4-f\u00e4digem Kaschmir gestrickt.<\/p>\n","protected":false},"featured_media":956,"template":"","meta":{"inline_featured_image":false},"product_brand":[],"product_cat":[39],"product_tag":[55],"class_list":{"0":"post-1046","1":"product","2":"type-product","3":"status-publish","4":"has-post-thumbnail","6":"product_cat-kleidung","7":"product_tag-kaschmir","8":"","9":"woocommerce-text-align-center","10":"woocommerce-image-align-center","12":"first","13":"outofstock","14":"shipping-taxable","15":"purchasable","16":"product-type-simple"},"yoast_head":"<!-- This site is optimized with the Yoast SEO plugin v27.6 - https:\/\/yoast.com\/product\/yoast-seo-wordpress\/ -->\n<title>Karen Handgestrickte M\u00fctze &#8212; Brucke49<\/title>\n<meta name=\"robots\" content=\"index, follow, max-snippet:-1, max-image-preview:large, max-video-preview:-1\" \/>\n<link rel=\"canonical\" href=\"https:\/\/brucke49.ch\/de\/produkt\/karen-handnittet-hat\/\" \/>\n<meta property=\"og:locale\" content=\"de_DE\" \/>\n<meta property=\"og:type\" content=\"article\" \/>\n<meta property=\"og:title\" content=\"Karen Handgestrickte M\u00fctze &#8212; Brucke49\" \/>\n<meta property=\"og:description\" content=\"Auf Bestellung handgestrickte M\u00fctze aus 14-f\u00e4digem Kaschmir. Einheitsgr\u00f6sse  Wir fertigen sie in klassischen Farben: Dunkelblau, Dunkelgrau M\u00e9lange, Burgunder, Hellgrau, M\u00e9lange, Wollwei\u00df  Bitte rechnen Sie mit einer Lieferzeit von 10 Tagen.  Unsere hochwertige, handgefertigte M\u00fctze ist aus 4-f\u00e4digem Kaschmir gestrickt.\" \/>\n<meta property=\"og:url\" content=\"https:\/\/brucke49.ch\/de\/produkt\/karen-handnittet-hat\/\" \/>\n<meta property=\"og:site_name\" content=\"Brucke49\" \/>\n<meta property=\"article:publisher\" content=\"https:\/\/www.facebook.com\/profile.php?id=100065140113053\" \/>\n<meta property=\"article:modified_time\" content=\"2024-10-17T06:56:46+00:00\" \/>\n<meta property=\"og:image\" content=\"https:\/\/brucke49.ch\/wp-content\/uploads\/2023\/10\/Brucke49-Karen-Cashmere-Hat-2.jpg\" \/>\n\t<meta property=\"og:image:width\" content=\"600\" \/>\n\t<meta property=\"og:image:height\" content=\"800\" \/>\n\t<meta property=\"og:image:type\" content=\"image\/jpeg\" \/>\n<meta name=\"twitter:card\" content=\"summary_large_image\" \/>\n<meta name=\"twitter:label1\" content=\"Gesch\u00e4tzte Lesezeit\" \/>\n\t<meta name=\"twitter:data1\" content=\"1\u00a0Minute\" \/>\n<script type=\"application\/ld+json\" class=\"yoast-schema-graph\">{\"@context\":\"https:\\\/\\\/schema.org\",\"@graph\":[{\"@type\":\"WebPage\",\"@id\":\"https:\\\/\\\/brucke49.ch\\\/de\\\/produkt\\\/karen-handnittet-hat\\\/\",\"url\":\"https:\\\/\\\/brucke49.ch\\\/de\\\/produkt\\\/karen-handnittet-hat\\\/\",\"name\":\"Karen Handgestrickte M\u00fctze &#8212; Brucke49\",\"isPartOf\":{\"@id\":\"https:\\\/\\\/brucke49.ch\\\/de\\\/#website\"},\"primaryImageOfPage\":{\"@id\":\"https:\\\/\\\/brucke49.ch\\\/de\\\/produkt\\\/karen-handnittet-hat\\\/#primaryimage\"},\"image\":{\"@id\":\"https:\\\/\\\/brucke49.ch\\\/de\\\/produkt\\\/karen-handnittet-hat\\\/#primaryimage\"},\"thumbnailUrl\":\"https:\\\/\\\/brucke49.ch\\\/wp-content\\\/uploads\\\/2023\\\/10\\\/Brucke49-Karen-Cashmere-Hat-2.jpg\",\"datePublished\":\"2023-10-17T19:25:29+00:00\",\"dateModified\":\"2024-10-17T06:56:46+00:00\",\"breadcrumb\":{\"@id\":\"https:\\\/\\\/brucke49.ch\\\/de\\\/produkt\\\/karen-handnittet-hat\\\/#breadcrumb\"},\"inLanguage\":\"de\",\"potentialAction\":[{\"@type\":\"ReadAction\",\"target\":[\"https:\\\/\\\/brucke49.ch\\\/de\\\/produkt\\\/karen-handnittet-hat\\\/\"]}]},{\"@type\":\"ImageObject\",\"inLanguage\":\"de\",\"@id\":\"https:\\\/\\\/brucke49.ch\\\/de\\\/produkt\\\/karen-handnittet-hat\\\/#primaryimage\",\"url\":\"https:\\\/\\\/brucke49.ch\\\/wp-content\\\/uploads\\\/2023\\\/10\\\/Brucke49-Karen-Cashmere-Hat-2.jpg\",\"contentUrl\":\"https:\\\/\\\/brucke49.ch\\\/wp-content\\\/uploads\\\/2023\\\/10\\\/Brucke49-Karen-Cashmere-Hat-2.jpg\",\"width\":600,\"height\":800},{\"@type\":\"BreadcrumbList\",\"@id\":\"https:\\\/\\\/brucke49.ch\\\/de\\\/produkt\\\/karen-handnittet-hat\\\/#breadcrumb\",\"itemListElement\":[{\"@type\":\"ListItem\",\"position\":1,\"name\":\"Home\",\"item\":\"https:\\\/\\\/brucke49.ch\\\/de\\\/startseite\\\/\"},{\"@type\":\"ListItem\",\"position\":2,\"name\":\"Produkte\",\"item\":\"https:\\\/\\\/brucke49.ch\\\/de\\\/shop\\\/\"},{\"@type\":\"ListItem\",\"position\":3,\"name\":\"Karen Handgestrickte M\u00fctze\"}]},{\"@type\":\"WebSite\",\"@id\":\"https:\\\/\\\/brucke49.ch\\\/de\\\/#website\",\"url\":\"https:\\\/\\\/brucke49.ch\\\/de\\\/\",\"name\":\"BR\u00dcCKE 49 Design Hotel\",\"description\":\"\",\"publisher\":{\"@id\":\"https:\\\/\\\/brucke49.ch\\\/de\\\/#organization\"},\"potentialAction\":[{\"@type\":\"SearchAction\",\"target\":{\"@type\":\"EntryPoint\",\"urlTemplate\":\"https:\\\/\\\/brucke49.ch\\\/de\\\/?s={search_term_string}\"},\"query-input\":{\"@type\":\"PropertyValueSpecification\",\"valueRequired\":true,\"valueName\":\"search_term_string\"}}],\"inLanguage\":\"de\"},{\"@type\":\"Organization\",\"@id\":\"https:\\\/\\\/brucke49.ch\\\/de\\\/#organization\",\"name\":\"BR\u00dcCKE 49 Design Hotel\",\"url\":\"https:\\\/\\\/brucke49.ch\\\/de\\\/\",\"logo\":{\"@type\":\"ImageObject\",\"inLanguage\":\"de\",\"@id\":\"https:\\\/\\\/brucke49.ch\\\/de\\\/#\\\/schema\\\/logo\\\/image\\\/\",\"url\":\"https:\\\/\\\/brucke49.ch\\\/wp-content\\\/uploads\\\/2023\\\/10\\\/Logo-blue.png\",\"contentUrl\":\"https:\\\/\\\/brucke49.ch\\\/wp-content\\\/uploads\\\/2023\\\/10\\\/Logo-blue.png\",\"width\":1141,\"height\":167,\"caption\":\"BR\u00dcCKE 49 Design Hotel\"},\"image\":{\"@id\":\"https:\\\/\\\/brucke49.ch\\\/de\\\/#\\\/schema\\\/logo\\\/image\\\/\"},\"sameAs\":[\"https:\\\/\\\/www.facebook.com\\\/profile.php?id=100065140113053\",\"https:\\\/\\\/www.instagram.com\\\/bruecke49\\\/\"]}]}<\/script>\n<!-- \/ Yoast SEO plugin. -->","yoast_head_json":{"title":"Karen Handgestrickte M\u00fctze &#8212; Brucke49","robots":{"index":"index","follow":"follow","max-snippet":"max-snippet:-1","max-image-preview":"max-image-preview:large","max-video-preview":"max-video-preview:-1"},"canonical":"https:\/\/brucke49.ch\/de\/produkt\/karen-handnittet-hat\/","og_locale":"de_DE","og_type":"article","og_title":"Karen Handgestrickte M\u00fctze &#8212; Brucke49","og_description":"Auf Bestellung handgestrickte M\u00fctze aus 14-f\u00e4digem Kaschmir. Einheitsgr\u00f6sse  Wir fertigen sie in klassischen Farben: Dunkelblau, Dunkelgrau M\u00e9lange, Burgunder, Hellgrau, M\u00e9lange, Wollwei\u00df  Bitte rechnen Sie mit einer Lieferzeit von 10 Tagen.  Unsere hochwertige, handgefertigte M\u00fctze ist aus 4-f\u00e4digem Kaschmir gestrickt.","og_url":"https:\/\/brucke49.ch\/de\/produkt\/karen-handnittet-hat\/","og_site_name":"Brucke49","article_publisher":"https:\/\/www.facebook.com\/profile.php?id=100065140113053","article_modified_time":"2024-10-17T06:56:46+00:00","og_image":[{"width":600,"height":800,"url":"https:\/\/brucke49.ch\/wp-content\/uploads\/2023\/10\/Brucke49-Karen-Cashmere-Hat-2.jpg","type":"image\/jpeg"}],"twitter_card":"summary_large_image","twitter_misc":{"Gesch\u00e4tzte Lesezeit":"1\u00a0Minute"},"schema":{"@context":"https:\/\/schema.org","@graph":[{"@type":"WebPage","@id":"https:\/\/brucke49.ch\/de\/produkt\/karen-handnittet-hat\/","url":"https:\/\/brucke49.ch\/de\/produkt\/karen-handnittet-hat\/","name":"Karen Handgestrickte M\u00fctze &#8212; Brucke49","isPartOf":{"@id":"https:\/\/brucke49.ch\/de\/#website"},"primaryImageOfPage":{"@id":"https:\/\/brucke49.ch\/de\/produkt\/karen-handnittet-hat\/#primaryimage"},"image":{"@id":"https:\/\/brucke49.ch\/de\/produkt\/karen-handnittet-hat\/#primaryimage"},"thumbnailUrl":"https:\/\/brucke49.ch\/wp-content\/uploads\/2023\/10\/Brucke49-Karen-Cashmere-Hat-2.jpg","datePublished":"2023-10-17T19:25:29+00:00","dateModified":"2024-10-17T06:56:46+00:00","breadcrumb":{"@id":"https:\/\/brucke49.ch\/de\/produkt\/karen-handnittet-hat\/#breadcrumb"},"inLanguage":"de","potentialAction":[{"@type":"ReadAction","target":["https:\/\/brucke49.ch\/de\/produkt\/karen-handnittet-hat\/"]}]},{"@type":"ImageObject","inLanguage":"de","@id":"https:\/\/brucke49.ch\/de\/produkt\/karen-handnittet-hat\/#primaryimage","url":"https:\/\/brucke49.ch\/wp-content\/uploads\/2023\/10\/Brucke49-Karen-Cashmere-Hat-2.jpg","contentUrl":"https:\/\/brucke49.ch\/wp-content\/uploads\/2023\/10\/Brucke49-Karen-Cashmere-Hat-2.jpg","width":600,"height":800},{"@type":"BreadcrumbList","@id":"https:\/\/brucke49.ch\/de\/produkt\/karen-handnittet-hat\/#breadcrumb","itemListElement":[{"@type":"ListItem","position":1,"name":"Home","item":"https:\/\/brucke49.ch\/de\/startseite\/"},{"@type":"ListItem","position":2,"name":"Produkte","item":"https:\/\/brucke49.ch\/de\/shop\/"},{"@type":"ListItem","position":3,"name":"Karen Handgestrickte M\u00fctze"}]},{"@type":"WebSite","@id":"https:\/\/brucke49.ch\/de\/#website","url":"https:\/\/brucke49.ch\/de\/","name":"BR\u00dcCKE 49 Design Hotel","description":"","publisher":{"@id":"https:\/\/brucke49.ch\/de\/#organization"},"potentialAction":[{"@type":"SearchAction","target":{"@type":"EntryPoint","urlTemplate":"https:\/\/brucke49.ch\/de\/?s={search_term_string}"},"query-input":{"@type":"PropertyValueSpecification","valueRequired":true,"valueName":"search_term_string"}}],"inLanguage":"de"},{"@type":"Organization","@id":"https:\/\/brucke49.ch\/de\/#organization","name":"BR\u00dcCKE 49 Design Hotel","url":"https:\/\/brucke49.ch\/de\/","logo":{"@type":"ImageObject","inLanguage":"de","@id":"https:\/\/brucke49.ch\/de\/#\/schema\/logo\/image\/","url":"https:\/\/brucke49.ch\/wp-content\/uploads\/2023\/10\/Logo-blue.png","contentUrl":"https:\/\/brucke49.ch\/wp-content\/uploads\/2023\/10\/Logo-blue.png","width":1141,"height":167,"caption":"BR\u00dcCKE 49 Design Hotel"},"image":{"@id":"https:\/\/brucke49.ch\/de\/#\/schema\/logo\/image\/"},"sameAs":["https:\/\/www.facebook.com\/profile.php?id=100065140113053","https:\/\/www.instagram.com\/bruecke49\/"]}]}},"_links":{"self":[{"href":"https:\/\/brucke49.ch\/de\/wp-json\/wp\/v2\/product\/1046","targetHints":{"allow":["GET"]}}],"collection":[{"href":"https:\/\/brucke49.ch\/de\/wp-json\/wp\/v2\/product"}],"about":[{"href":"https:\/\/brucke49.ch\/de\/wp-json\/wp\/v2\/types\/product"}],"wp:featuredmedia":[{"embeddable":true,"href":"https:\/\/brucke49.ch\/de\/wp-json\/wp\/v2\/media\/956"}],"wp:attachment":[{"href":"https:\/\/brucke49.ch\/de\/wp-json\/wp\/v2\/media?parent=1046"}],"wp:term":[{"taxonomy":"product_brand","embeddable":true,"href":"https:\/\/brucke49.ch\/de\/wp-json\/wp\/v2\/product_brand?post=1046"},{"taxonomy":"product_cat","embeddable":true,"href":"https:\/\/brucke49.ch\/de\/wp-json\/wp\/v2\/product_cat?post=1046"},{"taxonomy":"product_tag","embeddable":true,"href":"https:\/\/brucke49.ch\/de\/wp-json\/wp\/v2\/product_tag?post=1046"}],"curies":[{"name":"wp","href":"https:\/\/api.w.org\/{rel}","templated":true}]}}