{"id":1045,"date":"2023-10-17T19:25:47","date_gmt":"2023-10-17T19:25:47","guid":{"rendered":"https:\/\/brucke49.karensunivers.com\/product\/giglio-doorstopper\/"},"modified":"2024-10-17T05:30:25","modified_gmt":"2024-10-17T05:30:25","slug":"giglio-doorstopper","status":"publish","type":"product","link":"https:\/\/brucke49.ch\/de\/produkt\/giglio-doorstopper\/","title":{"rendered":"Giglio Doorstopper"},"content":{"rendered":"","protected":false},"excerpt":{"rendered":"<p>Handgefertigt auf der kleinen Insel Giglio in Italien aus Manilla-Seil.<\/p>\n<p>Durchmesser ca. 15 cm. Schwer, robust und wetterfest. Sie k\u00f6nnen es sogar f\u00fcr ein bisschen Bewegung verwenden.<\/p>\n<p>Ein unverzichtbares Designst\u00fcck in jedem Zuhause, wenn Sie uns fragen.<\/p>\n","protected":false},"featured_media":2263,"template":"","meta":{"inline_featured_image":false},"product_brand":[],"product_cat":[38],"product_tag":[],"class_list":{"0":"post-1045","1":"product","2":"type-product","3":"status-publish","4":"has-post-thumbnail","6":"product_cat-designstuecke","7":"","8":"woocommerce-text-align-center","9":"woocommerce-image-align-center","11":"first","12":"outofstock","13":"shipping-taxable","14":"purchasable","15":"product-type-simple"},"yoast_head":"<!-- This site is optimized with the Yoast SEO plugin v27.2 - https:\/\/yoast.com\/product\/yoast-seo-wordpress\/ -->\n<title>Giglio Doorstopper &#8212; Brucke49<\/title>\n<meta name=\"robots\" content=\"index, follow, max-snippet:-1, max-image-preview:large, max-video-preview:-1\" \/>\n<link rel=\"canonical\" href=\"https:\/\/brucke49.ch\/de\/produkt\/giglio-doorstopper\/\" \/>\n<meta property=\"og:locale\" content=\"de_DE\" \/>\n<meta property=\"og:type\" content=\"article\" \/>\n<meta property=\"og:title\" content=\"Giglio Doorstopper &#8212; Brucke49\" \/>\n<meta property=\"og:description\" content=\"Handgefertigt auf der kleinen Insel Giglio in Italien aus Manilla-Seil.  Durchmesser ca. 15 cm. Schwer, robust und wetterfest. Sie k\u00f6nnen es sogar f\u00fcr ein bisschen Bewegung verwenden.  Ein unverzichtbares Designst\u00fcck in jedem Zuhause, wenn Sie uns fragen.\" \/>\n<meta property=\"og:url\" content=\"https:\/\/brucke49.ch\/de\/produkt\/giglio-doorstopper\/\" \/>\n<meta property=\"og:site_name\" content=\"Brucke49\" \/>\n<meta property=\"article:publisher\" content=\"https:\/\/www.facebook.com\/profile.php?id=100065140113053\" \/>\n<meta property=\"article:modified_time\" content=\"2024-10-17T05:30:25+00:00\" \/>\n<meta property=\"og:image\" content=\"https:\/\/brucke49.ch\/wp-content\/uploads\/2023\/10\/Brucke49-Giglio-Doorstopper-1.jpg\" \/>\n\t<meta property=\"og:image:width\" content=\"600\" \/>\n\t<meta property=\"og:image:height\" content=\"800\" \/>\n\t<meta property=\"og:image:type\" content=\"image\/jpeg\" \/>\n<meta name=\"twitter:card\" content=\"summary_large_image\" \/>\n<script type=\"application\/ld+json\" class=\"yoast-schema-graph\">{\"@context\":\"https:\/\/schema.org\",\"@graph\":[{\"@type\":\"WebPage\",\"@id\":\"https:\/\/brucke49.ch\/de\/produkt\/giglio-doorstopper\/\",\"url\":\"https:\/\/brucke49.ch\/de\/produkt\/giglio-doorstopper\/\",\"name\":\"Giglio Doorstopper &#8212; Brucke49\",\"isPartOf\":{\"@id\":\"https:\/\/brucke49.ch\/de\/#website\"},\"primaryImageOfPage\":{\"@id\":\"https:\/\/brucke49.ch\/de\/produkt\/giglio-doorstopper\/#primaryimage\"},\"image\":{\"@id\":\"https:\/\/brucke49.ch\/de\/produkt\/giglio-doorstopper\/#primaryimage\"},\"thumbnailUrl\":\"https:\/\/brucke49.ch\/wp-content\/uploads\/2023\/10\/Doorstopper-Brucke49-Butik-1.webp\",\"datePublished\":\"2023-10-17T19:25:47+00:00\",\"dateModified\":\"2024-10-17T05:30:25+00:00\",\"breadcrumb\":{\"@id\":\"https:\/\/brucke49.ch\/de\/produkt\/giglio-doorstopper\/#breadcrumb\"},\"inLanguage\":\"de\",\"potentialAction\":[{\"@type\":\"ReadAction\",\"target\":[\"https:\/\/brucke49.ch\/de\/produkt\/giglio-doorstopper\/\"]}]},{\"@type\":\"ImageObject\",\"inLanguage\":\"de\",\"@id\":\"https:\/\/brucke49.ch\/de\/produkt\/giglio-doorstopper\/#primaryimage\",\"url\":\"https:\/\/brucke49.ch\/wp-content\/uploads\/2023\/10\/Doorstopper-Brucke49-Butik-1.webp\",\"contentUrl\":\"https:\/\/brucke49.ch\/wp-content\/uploads\/2023\/10\/Doorstopper-Brucke49-Butik-1.webp\",\"width\":600,\"height\":800},{\"@type\":\"BreadcrumbList\",\"@id\":\"https:\/\/brucke49.ch\/de\/produkt\/giglio-doorstopper\/#breadcrumb\",\"itemListElement\":[{\"@type\":\"ListItem\",\"position\":1,\"name\":\"Home\",\"item\":\"https:\/\/brucke49.ch\/de\/startseite\/\"},{\"@type\":\"ListItem\",\"position\":2,\"name\":\"Produkte\",\"item\":\"https:\/\/brucke49.ch\/de\/shop\/\"},{\"@type\":\"ListItem\",\"position\":3,\"name\":\"Giglio Doorstopper\"}]},{\"@type\":\"WebSite\",\"@id\":\"https:\/\/brucke49.ch\/de\/#website\",\"url\":\"https:\/\/brucke49.ch\/de\/\",\"name\":\"BR\u00dcCKE 49 Design Hotel\",\"description\":\"\",\"publisher\":{\"@id\":\"https:\/\/brucke49.ch\/de\/#organization\"},\"potentialAction\":[{\"@type\":\"SearchAction\",\"target\":{\"@type\":\"EntryPoint\",\"urlTemplate\":\"https:\/\/brucke49.ch\/de\/?s={search_term_string}\"},\"query-input\":{\"@type\":\"PropertyValueSpecification\",\"valueRequired\":true,\"valueName\":\"search_term_string\"}}],\"inLanguage\":\"de\"},{\"@type\":\"Organization\",\"@id\":\"https:\/\/brucke49.ch\/de\/#organization\",\"name\":\"BR\u00dcCKE 49 Design Hotel\",\"url\":\"https:\/\/brucke49.ch\/de\/\",\"logo\":{\"@type\":\"ImageObject\",\"inLanguage\":\"de\",\"@id\":\"https:\/\/brucke49.ch\/de\/#\/schema\/logo\/image\/\",\"url\":\"https:\/\/brucke49.ch\/wp-content\/uploads\/2023\/10\/Logo-blue.png\",\"contentUrl\":\"https:\/\/brucke49.ch\/wp-content\/uploads\/2023\/10\/Logo-blue.png\",\"width\":1141,\"height\":167,\"caption\":\"BR\u00dcCKE 49 Design Hotel\"},\"image\":{\"@id\":\"https:\/\/brucke49.ch\/de\/#\/schema\/logo\/image\/\"},\"sameAs\":[\"https:\/\/www.facebook.com\/profile.php?id=100065140113053\",\"https:\/\/www.instagram.com\/bruecke49\/\"]}]}<\/script>\n<!-- \/ Yoast SEO plugin. -->","yoast_head_json":{"title":"Giglio Doorstopper &#8212; Brucke49","robots":{"index":"index","follow":"follow","max-snippet":"max-snippet:-1","max-image-preview":"max-image-preview:large","max-video-preview":"max-video-preview:-1"},"canonical":"https:\/\/brucke49.ch\/de\/produkt\/giglio-doorstopper\/","og_locale":"de_DE","og_type":"article","og_title":"Giglio Doorstopper &#8212; Brucke49","og_description":"Handgefertigt auf der kleinen Insel Giglio in Italien aus Manilla-Seil.  Durchmesser ca. 15 cm. Schwer, robust und wetterfest. Sie k\u00f6nnen es sogar f\u00fcr ein bisschen Bewegung verwenden.  Ein unverzichtbares Designst\u00fcck in jedem Zuhause, wenn Sie uns fragen.","og_url":"https:\/\/brucke49.ch\/de\/produkt\/giglio-doorstopper\/","og_site_name":"Brucke49","article_publisher":"https:\/\/www.facebook.com\/profile.php?id=100065140113053","article_modified_time":"2024-10-17T05:30:25+00:00","og_image":[{"width":600,"height":800,"url":"https:\/\/brucke49.ch\/wp-content\/uploads\/2023\/10\/Brucke49-Giglio-Doorstopper-1.jpg","type":"image\/jpeg"}],"twitter_card":"summary_large_image","schema":{"@context":"https:\/\/schema.org","@graph":[{"@type":"WebPage","@id":"https:\/\/brucke49.ch\/de\/produkt\/giglio-doorstopper\/","url":"https:\/\/brucke49.ch\/de\/produkt\/giglio-doorstopper\/","name":"Giglio Doorstopper &#8212; Brucke49","isPartOf":{"@id":"https:\/\/brucke49.ch\/de\/#website"},"primaryImageOfPage":{"@id":"https:\/\/brucke49.ch\/de\/produkt\/giglio-doorstopper\/#primaryimage"},"image":{"@id":"https:\/\/brucke49.ch\/de\/produkt\/giglio-doorstopper\/#primaryimage"},"thumbnailUrl":"https:\/\/brucke49.ch\/wp-content\/uploads\/2023\/10\/Doorstopper-Brucke49-Butik-1.webp","datePublished":"2023-10-17T19:25:47+00:00","dateModified":"2024-10-17T05:30:25+00:00","breadcrumb":{"@id":"https:\/\/brucke49.ch\/de\/produkt\/giglio-doorstopper\/#breadcrumb"},"inLanguage":"de","potentialAction":[{"@type":"ReadAction","target":["https:\/\/brucke49.ch\/de\/produkt\/giglio-doorstopper\/"]}]},{"@type":"ImageObject","inLanguage":"de","@id":"https:\/\/brucke49.ch\/de\/produkt\/giglio-doorstopper\/#primaryimage","url":"https:\/\/brucke49.ch\/wp-content\/uploads\/2023\/10\/Doorstopper-Brucke49-Butik-1.webp","contentUrl":"https:\/\/brucke49.ch\/wp-content\/uploads\/2023\/10\/Doorstopper-Brucke49-Butik-1.webp","width":600,"height":800},{"@type":"BreadcrumbList","@id":"https:\/\/brucke49.ch\/de\/produkt\/giglio-doorstopper\/#breadcrumb","itemListElement":[{"@type":"ListItem","position":1,"name":"Home","item":"https:\/\/brucke49.ch\/de\/startseite\/"},{"@type":"ListItem","position":2,"name":"Produkte","item":"https:\/\/brucke49.ch\/de\/shop\/"},{"@type":"ListItem","position":3,"name":"Giglio Doorstopper"}]},{"@type":"WebSite","@id":"https:\/\/brucke49.ch\/de\/#website","url":"https:\/\/brucke49.ch\/de\/","name":"BR\u00dcCKE 49 Design Hotel","description":"","publisher":{"@id":"https:\/\/brucke49.ch\/de\/#organization"},"potentialAction":[{"@type":"SearchAction","target":{"@type":"EntryPoint","urlTemplate":"https:\/\/brucke49.ch\/de\/?s={search_term_string}"},"query-input":{"@type":"PropertyValueSpecification","valueRequired":true,"valueName":"search_term_string"}}],"inLanguage":"de"},{"@type":"Organization","@id":"https:\/\/brucke49.ch\/de\/#organization","name":"BR\u00dcCKE 49 Design Hotel","url":"https:\/\/brucke49.ch\/de\/","logo":{"@type":"ImageObject","inLanguage":"de","@id":"https:\/\/brucke49.ch\/de\/#\/schema\/logo\/image\/","url":"https:\/\/brucke49.ch\/wp-content\/uploads\/2023\/10\/Logo-blue.png","contentUrl":"https:\/\/brucke49.ch\/wp-content\/uploads\/2023\/10\/Logo-blue.png","width":1141,"height":167,"caption":"BR\u00dcCKE 49 Design Hotel"},"image":{"@id":"https:\/\/brucke49.ch\/de\/#\/schema\/logo\/image\/"},"sameAs":["https:\/\/www.facebook.com\/profile.php?id=100065140113053","https:\/\/www.instagram.com\/bruecke49\/"]}]}},"_links":{"self":[{"href":"https:\/\/brucke49.ch\/de\/wp-json\/wp\/v2\/product\/1045","targetHints":{"allow":["GET"]}}],"collection":[{"href":"https:\/\/brucke49.ch\/de\/wp-json\/wp\/v2\/product"}],"about":[{"href":"https:\/\/brucke49.ch\/de\/wp-json\/wp\/v2\/types\/product"}],"wp:featuredmedia":[{"embeddable":true,"href":"https:\/\/brucke49.ch\/de\/wp-json\/wp\/v2\/media\/2263"}],"wp:attachment":[{"href":"https:\/\/brucke49.ch\/de\/wp-json\/wp\/v2\/media?parent=1045"}],"wp:term":[{"taxonomy":"product_brand","embeddable":true,"href":"https:\/\/brucke49.ch\/de\/wp-json\/wp\/v2\/product_brand?post=1045"},{"taxonomy":"product_cat","embeddable":true,"href":"https:\/\/brucke49.ch\/de\/wp-json\/wp\/v2\/product_cat?post=1045"},{"taxonomy":"product_tag","embeddable":true,"href":"https:\/\/brucke49.ch\/de\/wp-json\/wp\/v2\/product_tag?post=1045"}],"curies":[{"name":"wp","href":"https:\/\/api.w.org\/{rel}","templated":true}]}}