{"id":1043,"date":"2023-10-17T17:04:03","date_gmt":"2023-10-17T17:04:03","guid":{"rendered":"https:\/\/brucke49.karensunivers.com\/wissenswertes\/"},"modified":"2025-12-15T08:38:39","modified_gmt":"2025-12-15T08:38:39","slug":"wissenswertes","status":"publish","type":"page","link":"https:\/\/brucke49.ch\/de\/wissenswertes\/","title":{"rendered":"Wissenswertes"},"content":{"rendered":"<div class=\"gb-container gb-container-fdeb9f7b\">\n<div class=\"gb-container gb-container-85187b37\">\n<div class=\"gb-grid-wrapper gb-grid-wrapper-99472bf2\">\n<div class=\"gb-grid-column gb-grid-column-64048f9c\"><div class=\"gb-container gb-container-64048f9c\">\n\n<h1 class=\"gb-headline gb-headline-538e7783 gb-headline-text\">Wissenswertes.<\/h1>\n\n<\/div><\/div>\n\n<div class=\"gb-grid-column gb-grid-column-a001897b\"><div class=\"gb-container gb-container-a001897b\">\n\n<p class=\"gb-headline gb-headline-ee905547 gb-headline-text\"><strong><strong>IN IHREM AUFENTHALT INBEGRIFFEN<\/strong><\/strong><\/p>\n\n\n\n<p>Hausgemachtes Fr\u00fchst\u00fcck f\u00fcr die G\u00e4ste in der Pension.                                                                      Woods_copenhagen Pflgeprodukte.                                                                                                                                 Jeden Morgen ein frisch gebackenes Brot an der T\u00fcre f\u00fcr die G\u00e4ste in der Herberge.                                       G\u00e4stekarte f\u00fcr die Therme Vals (CHF 60.- pro Person).                                                                                      Kostenloser Ski- und Wanderbus.                                                                                                                                Kostenlose Gondelfahrt nach Gadastatt (Bergstation mit Restaurant).                                                                Parkieren auf dem \u00f6ffentlichen Parkplatz, 100 Meter von Br\u00fccke 49 entfernt.                                            Unbegrenzter Highspeed-Internetzugang.<\/p>\n\n\n\n<p class=\"gb-headline gb-headline-0d6864a9 gb-headline-text\"><strong><strong>BADEZIMMER BR\u00dcCKE 49 PENSION<\/strong><\/strong><\/p>\n\n\n\n<p>Bitte beachten Sie, dass sich jede Etage (2 Zimmer \/ 4 Personen) ein grosses, von den Zimmern getrenntes Bad teilt. Die B\u00e4der und Toiletten werden t\u00e4glich gereinigt und mit frischen Handt\u00fcchern ausgestattet.<\/p>\n\n\n\n<p class=\"gb-headline gb-headline-739d6fcd gb-headline-text\"><strong><strong>STORNIERUNGEN<\/strong><\/strong><\/p>\n\n\n\n<p><strong>Br\u00fccke 49 Pension\r\n<\/strong>Sie k\u00f6nnen Ihre Reservierung jederzeit bis 14 Tage vor Anreise stornieren. Danach m\u00fcssen wir leider den vollen Betrag in Rechnung stellen, es sei denn, wir k\u00f6nnen Ihr Zimmer weitervermieten.<\/p>\n\n\n\n<p><strong>Br\u00fccke 49 Herberge\r\n<\/strong>Sie k\u00f6nnen Ihre Reservierung bis 30 Tage vor dem Anreisedatum stornieren. Danach m\u00fcssen wir Ihnen leider den vollen Betrag Ihrer Reservierung in Rechnung stellen, es sei denn, wir k\u00f6nnen Ihr Appartement weitervermieten.<\/p>\n\n\n\n<p class=\"gb-headline gb-headline-422199e9 gb-headline-text\"><strong><strong>CHECK-IN<\/strong><\/strong><\/p>\n\n\n\n<p>Ihre Unterkunft ist sp\u00e4testens ab 15 Uhr bezugsbereit. Bitte teilen Sie uns mit, wann Sie anreisen.\r\nIn der Pension werden Sie bis 19 Uhr pers\u00f6nlich empfangen, <strong>nach 19 Uhr<\/strong> checken Sie unkompliziert selbst ein. In der Herberge kommen Sie einfach an, wann immer Sie wollen und beziehen Ihr Appartement. Die Hausschl\u00fcssel befinden sich im Treppenhaus und alle weiteren Informationen finden Sie im Appartement selbst.<\/p>\n\n\n\n<p class=\"gb-headline gb-headline-3f801b84 gb-headline-text\"><strong><strong><strong>CHECK-OUT<\/strong><\/strong><\/strong><\/p>\n\n\n\n<p>Wir bitten Sie, Ihr Zimmer oder Appartement am Abreisetag bis 11 Uhr zu verlassen. Alle G\u00e4ste, in der Pension wie auch in der Herberge, werden gebeten, im Hauptgeb\u00e4ude der Br\u00fccke 49 auszuchecken, wo Sie uns im ersten Stock finden. Bitte geben Sie uns am Vortag Bescheid, wann Sie abreisen m\u00f6chten.<\/p>\n\n<\/div><\/div>\n<\/div>\n<\/div>\n<\/div>","protected":false},"excerpt":{"rendered":"","protected":false},"author":1,"featured_media":0,"parent":0,"menu_order":0,"comment_status":"closed","ping_status":"closed","template":"","meta":{"inline_featured_image":false,"footnotes":""},"categories":[],"class_list":["post-1043","page","type-page","status-publish"],"yoast_head":"<!-- This site is optimized with the Yoast SEO plugin v27.6 - https:\/\/yoast.com\/product\/yoast-seo-wordpress\/ -->\n<title>Wissenswertes &#8212; Brucke49<\/title>\n<meta name=\"robots\" content=\"index, follow, max-snippet:-1, max-image-preview:large, max-video-preview:-1\" \/>\n<link rel=\"canonical\" href=\"https:\/\/brucke49.ch\/de\/wissenswertes\/\" \/>\n<meta property=\"og:locale\" content=\"de_DE\" \/>\n<meta property=\"og:type\" content=\"article\" \/>\n<meta property=\"og:title\" content=\"Wissenswertes &#8212; Brucke49\" \/>\n<meta property=\"og:url\" content=\"https:\/\/brucke49.ch\/de\/wissenswertes\/\" \/>\n<meta property=\"og:site_name\" content=\"Brucke49\" \/>\n<meta property=\"article:publisher\" content=\"https:\/\/www.facebook.com\/profile.php?id=100065140113053\" \/>\n<meta property=\"article:modified_time\" content=\"2025-12-15T08:38:39+00:00\" \/>\n<meta property=\"og:image\" content=\"https:\/\/brucke49.ch\/wp-content\/uploads\/2023\/11\/Brucke49-yoast-cover.jpg\" \/>\n\t<meta property=\"og:image:width\" content=\"1200\" \/>\n\t<meta property=\"og:image:height\" content=\"675\" \/>\n\t<meta property=\"og:image:type\" content=\"image\/jpeg\" \/>\n<meta name=\"twitter:card\" content=\"summary_large_image\" \/>\n<meta name=\"twitter:label1\" content=\"Gesch\u00e4tzte Lesezeit\" \/>\n\t<meta name=\"twitter:data1\" content=\"2\u00a0Minuten\" \/>\n<script type=\"application\/ld+json\" class=\"yoast-schema-graph\">{\"@context\":\"https:\\\/\\\/schema.org\",\"@graph\":[{\"@type\":\"WebPage\",\"@id\":\"https:\\\/\\\/brucke49.ch\\\/de\\\/wissenswertes\\\/\",\"url\":\"https:\\\/\\\/brucke49.ch\\\/de\\\/wissenswertes\\\/\",\"name\":\"Wissenswertes &#8212; Brucke49\",\"isPartOf\":{\"@id\":\"https:\\\/\\\/brucke49.ch\\\/de\\\/#website\"},\"datePublished\":\"2023-10-17T17:04:03+00:00\",\"dateModified\":\"2025-12-15T08:38:39+00:00\",\"breadcrumb\":{\"@id\":\"https:\\\/\\\/brucke49.ch\\\/de\\\/wissenswertes\\\/#breadcrumb\"},\"inLanguage\":\"de\",\"potentialAction\":[{\"@type\":\"ReadAction\",\"target\":[\"https:\\\/\\\/brucke49.ch\\\/de\\\/wissenswertes\\\/\"]}]},{\"@type\":\"BreadcrumbList\",\"@id\":\"https:\\\/\\\/brucke49.ch\\\/de\\\/wissenswertes\\\/#breadcrumb\",\"itemListElement\":[{\"@type\":\"ListItem\",\"position\":1,\"name\":\"Home\",\"item\":\"https:\\\/\\\/brucke49.ch\\\/de\\\/startseite\\\/\"},{\"@type\":\"ListItem\",\"position\":2,\"name\":\"Wissenswertes\"}]},{\"@type\":\"WebSite\",\"@id\":\"https:\\\/\\\/brucke49.ch\\\/de\\\/#website\",\"url\":\"https:\\\/\\\/brucke49.ch\\\/de\\\/\",\"name\":\"BR\u00dcCKE 49 Design Hotel\",\"description\":\"\",\"publisher\":{\"@id\":\"https:\\\/\\\/brucke49.ch\\\/de\\\/#organization\"},\"potentialAction\":[{\"@type\":\"SearchAction\",\"target\":{\"@type\":\"EntryPoint\",\"urlTemplate\":\"https:\\\/\\\/brucke49.ch\\\/de\\\/?s={search_term_string}\"},\"query-input\":{\"@type\":\"PropertyValueSpecification\",\"valueRequired\":true,\"valueName\":\"search_term_string\"}}],\"inLanguage\":\"de\"},{\"@type\":\"Organization\",\"@id\":\"https:\\\/\\\/brucke49.ch\\\/de\\\/#organization\",\"name\":\"BR\u00dcCKE 49 Design Hotel\",\"url\":\"https:\\\/\\\/brucke49.ch\\\/de\\\/\",\"logo\":{\"@type\":\"ImageObject\",\"inLanguage\":\"de\",\"@id\":\"https:\\\/\\\/brucke49.ch\\\/de\\\/#\\\/schema\\\/logo\\\/image\\\/\",\"url\":\"https:\\\/\\\/brucke49.ch\\\/wp-content\\\/uploads\\\/2023\\\/10\\\/Logo-blue.png\",\"contentUrl\":\"https:\\\/\\\/brucke49.ch\\\/wp-content\\\/uploads\\\/2023\\\/10\\\/Logo-blue.png\",\"width\":1141,\"height\":167,\"caption\":\"BR\u00dcCKE 49 Design Hotel\"},\"image\":{\"@id\":\"https:\\\/\\\/brucke49.ch\\\/de\\\/#\\\/schema\\\/logo\\\/image\\\/\"},\"sameAs\":[\"https:\\\/\\\/www.facebook.com\\\/profile.php?id=100065140113053\",\"https:\\\/\\\/www.instagram.com\\\/bruecke49\\\/\"]}]}<\/script>\n<!-- \/ Yoast SEO plugin. -->","yoast_head_json":{"title":"Wissenswertes &#8212; Brucke49","robots":{"index":"index","follow":"follow","max-snippet":"max-snippet:-1","max-image-preview":"max-image-preview:large","max-video-preview":"max-video-preview:-1"},"canonical":"https:\/\/brucke49.ch\/de\/wissenswertes\/","og_locale":"de_DE","og_type":"article","og_title":"Wissenswertes &#8212; Brucke49","og_url":"https:\/\/brucke49.ch\/de\/wissenswertes\/","og_site_name":"Brucke49","article_publisher":"https:\/\/www.facebook.com\/profile.php?id=100065140113053","article_modified_time":"2025-12-15T08:38:39+00:00","og_image":[{"width":1200,"height":675,"url":"https:\/\/brucke49.ch\/wp-content\/uploads\/2023\/11\/Brucke49-yoast-cover.jpg","type":"image\/jpeg"}],"twitter_card":"summary_large_image","twitter_misc":{"Gesch\u00e4tzte Lesezeit":"2\u00a0Minuten"},"schema":{"@context":"https:\/\/schema.org","@graph":[{"@type":"WebPage","@id":"https:\/\/brucke49.ch\/de\/wissenswertes\/","url":"https:\/\/brucke49.ch\/de\/wissenswertes\/","name":"Wissenswertes &#8212; Brucke49","isPartOf":{"@id":"https:\/\/brucke49.ch\/de\/#website"},"datePublished":"2023-10-17T17:04:03+00:00","dateModified":"2025-12-15T08:38:39+00:00","breadcrumb":{"@id":"https:\/\/brucke49.ch\/de\/wissenswertes\/#breadcrumb"},"inLanguage":"de","potentialAction":[{"@type":"ReadAction","target":["https:\/\/brucke49.ch\/de\/wissenswertes\/"]}]},{"@type":"BreadcrumbList","@id":"https:\/\/brucke49.ch\/de\/wissenswertes\/#breadcrumb","itemListElement":[{"@type":"ListItem","position":1,"name":"Home","item":"https:\/\/brucke49.ch\/de\/startseite\/"},{"@type":"ListItem","position":2,"name":"Wissenswertes"}]},{"@type":"WebSite","@id":"https:\/\/brucke49.ch\/de\/#website","url":"https:\/\/brucke49.ch\/de\/","name":"BR\u00dcCKE 49 Design Hotel","description":"","publisher":{"@id":"https:\/\/brucke49.ch\/de\/#organization"},"potentialAction":[{"@type":"SearchAction","target":{"@type":"EntryPoint","urlTemplate":"https:\/\/brucke49.ch\/de\/?s={search_term_string}"},"query-input":{"@type":"PropertyValueSpecification","valueRequired":true,"valueName":"search_term_string"}}],"inLanguage":"de"},{"@type":"Organization","@id":"https:\/\/brucke49.ch\/de\/#organization","name":"BR\u00dcCKE 49 Design Hotel","url":"https:\/\/brucke49.ch\/de\/","logo":{"@type":"ImageObject","inLanguage":"de","@id":"https:\/\/brucke49.ch\/de\/#\/schema\/logo\/image\/","url":"https:\/\/brucke49.ch\/wp-content\/uploads\/2023\/10\/Logo-blue.png","contentUrl":"https:\/\/brucke49.ch\/wp-content\/uploads\/2023\/10\/Logo-blue.png","width":1141,"height":167,"caption":"BR\u00dcCKE 49 Design Hotel"},"image":{"@id":"https:\/\/brucke49.ch\/de\/#\/schema\/logo\/image\/"},"sameAs":["https:\/\/www.facebook.com\/profile.php?id=100065140113053","https:\/\/www.instagram.com\/bruecke49\/"]}]}},"_links":{"self":[{"href":"https:\/\/brucke49.ch\/de\/wp-json\/wp\/v2\/pages\/1043","targetHints":{"allow":["GET"]}}],"collection":[{"href":"https:\/\/brucke49.ch\/de\/wp-json\/wp\/v2\/pages"}],"about":[{"href":"https:\/\/brucke49.ch\/de\/wp-json\/wp\/v2\/types\/page"}],"author":[{"embeddable":true,"href":"https:\/\/brucke49.ch\/de\/wp-json\/wp\/v2\/users\/1"}],"replies":[{"embeddable":true,"href":"https:\/\/brucke49.ch\/de\/wp-json\/wp\/v2\/comments?post=1043"}],"version-history":[{"count":4,"href":"https:\/\/brucke49.ch\/de\/wp-json\/wp\/v2\/pages\/1043\/revisions"}],"predecessor-version":[{"id":2230,"href":"https:\/\/brucke49.ch\/de\/wp-json\/wp\/v2\/pages\/1043\/revisions\/2230"}],"wp:attachment":[{"href":"https:\/\/brucke49.ch\/de\/wp-json\/wp\/v2\/media?parent=1043"}],"wp:term":[{"taxonomy":"category","embeddable":true,"href":"https:\/\/brucke49.ch\/de\/wp-json\/wp\/v2\/categories?post=1043"}],"curies":[{"name":"wp","href":"https:\/\/api.w.org\/{rel}","templated":true}]}}